{"id":71,"date":"2024-06-28T08:51:55","date_gmt":"2024-06-28T06:51:55","guid":{"rendered":"https:\/\/cmc.aseem.pl\/?page_id=71"},"modified":"2024-06-28T12:33:03","modified_gmt":"2024-06-28T10:33:03","slug":"branza-kosmetyczna","status":"publish","type":"page","link":"https:\/\/cmc.aseem.pl\/?page_id=71","title":{"rendered":"BRAN\u017bA KOSMETYCZNA"},"content":{"rendered":"\t\t<div data-elementor-type=\"wp-page\" data-elementor-id=\"71\" class=\"elementor elementor-71\">\n\t\t\t\t<div class=\"elementor-element elementor-element-822c6a4 e-flex e-con-boxed e-con e-parent\" data-id=\"822c6a4\" data-element_type=\"container\">\n\t\t\t\t\t<div class=\"e-con-inner\">\n\t\t\t\t<div class=\"elementor-element elementor-element-e6914c1 elementor-widget elementor-widget-text-editor\" data-id=\"e6914c1\" data-element_type=\"widget\" data-widget_type=\"text-editor.default\">\n\t\t\t\t<div class=\"elementor-widget-container\">\n\t\t\t<style>\/*! elementor - v3.22.0 - 26-06-2024 *\/\n.elementor-widget-text-editor.elementor-drop-cap-view-stacked .elementor-drop-cap{background-color:#69727d;color:#fff}.elementor-widget-text-editor.elementor-drop-cap-view-framed .elementor-drop-cap{color:#69727d;border:3px solid;background-color:transparent}.elementor-widget-text-editor:not(.elementor-drop-cap-view-default) .elementor-drop-cap{margin-top:8px}.elementor-widget-text-editor:not(.elementor-drop-cap-view-default) .elementor-drop-cap-letter{width:1em;height:1em}.elementor-widget-text-editor .elementor-drop-cap{float:left;text-align:center;line-height:1;font-size:50px}.elementor-widget-text-editor .elementor-drop-cap-letter{display:inline-block}<\/style>\t\t\t\t<p>CMC jest stosowana jako zag\u0119stnik, plastyfikator i stabilizator w procesach produkcji r\u00f3\u017cnych kosmetyk\u00f3w jak i farmaceutyk\u00f3w. U\u017cywana w medycynie estetycznej. S\u0142u\u017cy r\u00f3wnie\u017c do produkcji szampon\u00f3w i pasty do z\u0119b\u00f3w. Daje efekt zag\u0119szczaj\u0105cy i retencji wody.<\/p>\t\t\t\t\t\t<\/div>\n\t\t\t\t<\/div>\n\t\t\t\t\t<\/div>\n\t\t\t\t<\/div>\n\t\t<div class=\"elementor-element elementor-element-fe36373 e-flex e-con-boxed e-con e-parent\" data-id=\"fe36373\" data-element_type=\"container\">\n\t\t\t\t\t<div class=\"e-con-inner\">\n\t\t\t\t<div class=\"elementor-element elementor-element-be47654 elementor-widget elementor-widget-text-editor\" data-id=\"be47654\" data-element_type=\"widget\" data-widget_type=\"text-editor.default\">\n\t\t\t\t<div class=\"elementor-widget-container\">\n\t\t\t\t\t\t\t<ul><li><a href=\"https:\/\/cmc.aseem.pl\/?page_id=43\">Pollocel<sup>\u00ae<\/sup>\u00a0AS-2\/60<\/a><\/li><li><a href=\"https:\/\/cmc.aseem.pl\/?page_id=45\">Pollocel<sup>\u00ae<\/sup>\u00a0AS-2\/90<\/a><\/li><li><a href=\"https:\/\/cmc.aseem.pl\/?page_id=49\">Pollocel<sup>\u00ae<\/sup>\u00a0AS-2\/170<\/a><\/li><\/ul>\t\t\t\t\t\t<\/div>\n\t\t\t\t<\/div>\n\t\t\t\t\t<\/div>\n\t\t\t\t<\/div>\n\t\t\t\t<\/div>\n\t\t","protected":false},"excerpt":{"rendered":"<p>CMC jest stosowana jako zag\u0119stnik, plastyfikator i stabilizator w procesach produkcji r\u00f3\u017cnych kosmetyk\u00f3w jak i farmaceutyk\u00f3w. U\u017cywana w medycynie estetycznej. S\u0142u\u017cy r\u00f3wnie\u017c do produkcji szampon\u00f3w i pasty do z\u0119b\u00f3w. Daje efekt zag\u0119szczaj\u0105cy i retencji wody. Pollocel\u00ae\u00a0AS-2\/60 Pollocel\u00ae\u00a0AS-2\/90 Pollocel\u00ae\u00a0AS-2\/170<\/p>\n","protected":false},"author":1,"featured_media":0,"parent":0,"menu_order":0,"comment_status":"closed","ping_status":"closed","template":"","meta":{"footnotes":""},"class_list":["post-71","page","type-page","status-publish","hentry"],"_links":{"self":[{"href":"https:\/\/cmc.aseem.pl\/index.php?rest_route=\/wp\/v2\/pages\/71","targetHints":{"allow":["GET"]}}],"collection":[{"href":"https:\/\/cmc.aseem.pl\/index.php?rest_route=\/wp\/v2\/pages"}],"about":[{"href":"https:\/\/cmc.aseem.pl\/index.php?rest_route=\/wp\/v2\/types\/page"}],"author":[{"embeddable":true,"href":"https:\/\/cmc.aseem.pl\/index.php?rest_route=\/wp\/v2\/users\/1"}],"replies":[{"embeddable":true,"href":"https:\/\/cmc.aseem.pl\/index.php?rest_route=%2Fwp%2Fv2%2Fcomments&post=71"}],"version-history":[{"count":7,"href":"https:\/\/cmc.aseem.pl\/index.php?rest_route=\/wp\/v2\/pages\/71\/revisions"}],"predecessor-version":[{"id":416,"href":"https:\/\/cmc.aseem.pl\/index.php?rest_route=\/wp\/v2\/pages\/71\/revisions\/416"}],"wp:attachment":[{"href":"https:\/\/cmc.aseem.pl\/index.php?rest_route=%2Fwp%2Fv2%2Fmedia&parent=71"}],"curies":[{"name":"wp","href":"https:\/\/api.w.org\/{rel}","templated":true}]}}