{"id":69,"date":"2024-06-28T08:51:40","date_gmt":"2024-06-28T06:51:40","guid":{"rendered":"https:\/\/cmc.aseem.pl\/?page_id=69"},"modified":"2024-06-28T12:31:22","modified_gmt":"2024-06-28T10:31:22","slug":"branza-papiernicza","status":"publish","type":"page","link":"https:\/\/cmc.aseem.pl\/?page_id=69","title":{"rendered":"BRAN\u017bA PAPIERNICZA"},"content":{"rendered":"\t\t<div data-elementor-type=\"wp-page\" data-elementor-id=\"69\" class=\"elementor elementor-69\">\n\t\t\t\t<div class=\"elementor-element elementor-element-67091fd e-flex e-con-boxed e-con e-parent\" data-id=\"67091fd\" data-element_type=\"container\">\n\t\t\t\t\t<div class=\"e-con-inner\">\n\t\t\t\t<div class=\"elementor-element elementor-element-9962c3f elementor-widget elementor-widget-text-editor\" data-id=\"9962c3f\" data-element_type=\"widget\" data-widget_type=\"text-editor.default\">\n\t\t\t\t<div class=\"elementor-widget-container\">\n\t\t\t<style>\/*! elementor - v3.22.0 - 26-06-2024 *\/\n.elementor-widget-text-editor.elementor-drop-cap-view-stacked .elementor-drop-cap{background-color:#69727d;color:#fff}.elementor-widget-text-editor.elementor-drop-cap-view-framed .elementor-drop-cap{color:#69727d;border:3px solid;background-color:transparent}.elementor-widget-text-editor:not(.elementor-drop-cap-view-default) .elementor-drop-cap{margin-top:8px}.elementor-widget-text-editor:not(.elementor-drop-cap-view-default) .elementor-drop-cap-letter{width:1em;height:1em}.elementor-widget-text-editor .elementor-drop-cap{float:left;text-align:center;line-height:1;font-size:50px}.elementor-widget-text-editor .elementor-drop-cap-letter{display:inline-block}<\/style>\t\t\t\t<p>Stosowany przy produkcji papieru jako spoiwo dla pigment\u00f3w usprawniaj\u0105cy powlekanie, pokrycie powierzchni i jako \u015brodek wspomagaj\u0105cy wlew. Efektem b\u0119dzie wzrost trwa\u0142o\u015bci papieru, regulacja reologii suwu podczas produkcji.<\/p><p>Rekomendowane produkty:<\/p>\t\t\t\t\t\t<\/div>\n\t\t\t\t<\/div>\n\t\t\t\t\t<\/div>\n\t\t\t\t<\/div>\n\t\t<div class=\"elementor-element elementor-element-d4003a5 e-flex e-con-boxed e-con e-parent\" data-id=\"d4003a5\" data-element_type=\"container\">\n\t\t\t\t\t<div class=\"e-con-inner\">\n\t\t\t\t<div class=\"elementor-element elementor-element-f5015d7 elementor-widget elementor-widget-text-editor\" data-id=\"f5015d7\" data-element_type=\"widget\" data-widget_type=\"text-editor.default\">\n\t\t\t\t<div class=\"elementor-widget-container\">\n\t\t\t\t\t\t\t<ul><li><a href=\"https:\/\/cmc.aseem.pl\/?page_id=41\">Pollocel<sup>\u00ae<\/sup>\u00a0AS-2\/30<\/a><\/li><li><a href=\"https:\/\/cmc.aseem.pl\/?page_id=43\">Pollocel<sup>\u00ae<\/sup>\u00a0AS-2\/60<\/a><\/li><li><a href=\"https:\/\/cmc.aseem.pl\/?page_id=45\">Pollocel<sup>\u00ae<\/sup>\u00a0AS-2\/90<\/a><\/li><\/ul><p>.<\/p>\t\t\t\t\t\t<\/div>\n\t\t\t\t<\/div>\n\t\t\t\t\t<\/div>\n\t\t\t\t<\/div>\n\t\t\t\t<\/div>\n\t\t","protected":false},"excerpt":{"rendered":"<p>Stosowany przy produkcji papieru jako spoiwo dla pigment\u00f3w usprawniaj\u0105cy powlekanie, pokrycie powierzchni i jako \u015brodek wspomagaj\u0105cy wlew. Efektem b\u0119dzie wzrost trwa\u0142o\u015bci papieru, regulacja reologii suwu podczas produkcji. Rekomendowane produkty: Pollocel\u00ae\u00a0AS-2\/30 Pollocel\u00ae\u00a0AS-2\/60 Pollocel\u00ae\u00a0AS-2\/90 .<\/p>\n","protected":false},"author":1,"featured_media":0,"parent":0,"menu_order":0,"comment_status":"closed","ping_status":"closed","template":"","meta":{"footnotes":""},"class_list":["post-69","page","type-page","status-publish","hentry"],"_links":{"self":[{"href":"https:\/\/cmc.aseem.pl\/index.php?rest_route=\/wp\/v2\/pages\/69","targetHints":{"allow":["GET"]}}],"collection":[{"href":"https:\/\/cmc.aseem.pl\/index.php?rest_route=\/wp\/v2\/pages"}],"about":[{"href":"https:\/\/cmc.aseem.pl\/index.php?rest_route=\/wp\/v2\/types\/page"}],"author":[{"embeddable":true,"href":"https:\/\/cmc.aseem.pl\/index.php?rest_route=\/wp\/v2\/users\/1"}],"replies":[{"embeddable":true,"href":"https:\/\/cmc.aseem.pl\/index.php?rest_route=%2Fwp%2Fv2%2Fcomments&post=69"}],"version-history":[{"count":7,"href":"https:\/\/cmc.aseem.pl\/index.php?rest_route=\/wp\/v2\/pages\/69\/revisions"}],"predecessor-version":[{"id":410,"href":"https:\/\/cmc.aseem.pl\/index.php?rest_route=\/wp\/v2\/pages\/69\/revisions\/410"}],"wp:attachment":[{"href":"https:\/\/cmc.aseem.pl\/index.php?rest_route=%2Fwp%2Fv2%2Fmedia&parent=69"}],"curies":[{"name":"wp","href":"https:\/\/api.w.org\/{rel}","templated":true}]}}