{"id":67,"date":"2024-06-28T08:51:29","date_gmt":"2024-06-28T06:51:29","guid":{"rendered":"https:\/\/cmc.aseem.pl\/?page_id=67"},"modified":"2024-06-28T12:30:35","modified_gmt":"2024-06-28T10:30:35","slug":"branza-budowlana","status":"publish","type":"page","link":"https:\/\/cmc.aseem.pl\/?page_id=67","title":{"rendered":"BRAN\u017bA BUDOWLANA"},"content":{"rendered":"\t\t<div data-elementor-type=\"wp-page\" data-elementor-id=\"67\" class=\"elementor elementor-67\">\n\t\t\t\t<div class=\"elementor-element elementor-element-9b8dc7b e-flex e-con-boxed e-con e-parent\" data-id=\"9b8dc7b\" data-element_type=\"container\">\n\t\t\t\t\t<div class=\"e-con-inner\">\n\t\t\t\t<div class=\"elementor-element elementor-element-c28c73d elementor-widget elementor-widget-text-editor\" data-id=\"c28c73d\" data-element_type=\"widget\" data-widget_type=\"text-editor.default\">\n\t\t\t\t<div class=\"elementor-widget-container\">\n\t\t\t<style>\/*! elementor - v3.22.0 - 26-06-2024 *\/\n.elementor-widget-text-editor.elementor-drop-cap-view-stacked .elementor-drop-cap{background-color:#69727d;color:#fff}.elementor-widget-text-editor.elementor-drop-cap-view-framed .elementor-drop-cap{color:#69727d;border:3px solid;background-color:transparent}.elementor-widget-text-editor:not(.elementor-drop-cap-view-default) .elementor-drop-cap{margin-top:8px}.elementor-widget-text-editor:not(.elementor-drop-cap-view-default) .elementor-drop-cap-letter{width:1em;height:1em}.elementor-widget-text-editor .elementor-drop-cap{float:left;text-align:center;line-height:1;font-size:50px}.elementor-widget-text-editor .elementor-drop-cap-letter{display:inline-block}<\/style>\t\t\t\t<p>CMC jest stosowana jako \u015brodek pomocniczy zapraw cementowych, zapraw tynkarskich i mas szpachlowych w kt\u00f3rych pe\u0142ni rol\u0119 plastyfikatora i op\u00f3\u017ania czas wi\u0105zania. W masach ceramicznych spe\u0142nia rol\u0119 zag\u0119stnika, plastyfikatora i czynnika wi\u0105\u017c\u0105cego. Poprawia g\u0142adko\u015b\u0107 emalii i glazury p\u0142ytek ceramicznych. Zapobiega krucho\u015bci materia\u0142u podczas procesu formowania. Stosowany r\u00f3wnie\u017c jako sk\u0142adnik klej\u00f3w do tapet.<\/p><p>Polecane produkty:<\/p>\t\t\t\t\t\t<\/div>\n\t\t\t\t<\/div>\n\t\t\t\t\t<\/div>\n\t\t\t\t<\/div>\n\t\t<div class=\"elementor-element elementor-element-d572e31 e-flex e-con-boxed e-con e-parent\" data-id=\"d572e31\" data-element_type=\"container\">\n\t\t\t\t\t<div class=\"e-con-inner\">\n\t\t\t\t<div class=\"elementor-element elementor-element-38e5a45 elementor-widget elementor-widget-text-editor\" data-id=\"38e5a45\" data-element_type=\"widget\" data-widget_type=\"text-editor.default\">\n\t\t\t\t<div class=\"elementor-widget-container\">\n\t\t\t\t\t\t\t<p>\u00a0<\/p><div class=\"page-content\"><div class=\"elementor elementor-87\" data-elementor-type=\"wp-page\" data-elementor-id=\"87\"><div class=\"elementor-element elementor-element-ac3abb4 e-flex e-con-boxed e-con e-parent e-lazyloaded\" data-id=\"ac3abb4\" data-element_type=\"container\"><div class=\"e-con-inner\"><div class=\"elementor-element elementor-element-2b1c9b7 elementor-widget elementor-widget-text-editor\" data-id=\"2b1c9b7\" data-element_type=\"widget\" data-widget_type=\"text-editor.default\"><div class=\"elementor-widget-container\"><ul><li><a href=\"https:\/\/cmc.aseem.pl\/?page_id=43\">Pollocel<sup>\u00ae<\/sup>\u00a0AS-2\/60<\/a><\/li><li><a href=\"https:\/\/cmc.aseem.pl\/?page_id=45\">Pollocel<sup>\u00ae<\/sup>\u00a0AS-2\/90<\/a><\/li><\/ul><\/div><\/div><\/div><\/div><\/div><div class=\"post-tags\">\u00a0<\/div><\/div><p>\u00a0<\/p><footer id=\"colophon\" role=\"contentinfo\"><div class=\"footer-width-fixer\"><div class=\"elementor elementor-9\" data-elementor-type=\"wp-post\" data-elementor-id=\"9\"><div class=\"elementor-element elementor-element-d589b09 e-flex e-con-boxed e-con e-parent e-lazyloaded\" data-id=\"d589b09\" data-element_type=\"container\"><div class=\"e-con-inner\"><div class=\"elementor-element elementor-element-470de64 elementor-widget-divider--view-line elementor-widget elementor-widget-divider\" data-id=\"470de64\" data-element_type=\"widget\" data-widget_type=\"divider.default\"><div class=\"elementor-widget-container\"><div class=\"elementor-divider\">\u00a0<\/div><\/div><\/div><\/div><\/div><\/div><\/div><\/footer>\t\t\t\t\t\t<\/div>\n\t\t\t\t<\/div>\n\t\t\t\t\t<\/div>\n\t\t\t\t<\/div>\n\t\t\t\t<\/div>\n\t\t","protected":false},"excerpt":{"rendered":"<p>CMC jest stosowana jako \u015brodek pomocniczy zapraw cementowych, zapraw tynkarskich i mas szpachlowych w kt\u00f3rych pe\u0142ni rol\u0119 plastyfikatora i op\u00f3\u017ania czas wi\u0105zania. W masach ceramicznych spe\u0142nia rol\u0119 zag\u0119stnika, plastyfikatora i czynnika wi\u0105\u017c\u0105cego. Poprawia g\u0142adko\u015b\u0107 emalii i glazury p\u0142ytek ceramicznych. Zapobiega krucho\u015bci materia\u0142u podczas procesu formowania. Stosowany r\u00f3wnie\u017c jako sk\u0142adnik klej\u00f3w do tapet. Polecane produkty: \u00a0 [&hellip;]<\/p>\n","protected":false},"author":1,"featured_media":0,"parent":0,"menu_order":0,"comment_status":"closed","ping_status":"closed","template":"","meta":{"footnotes":""},"class_list":["post-67","page","type-page","status-publish","hentry"],"_links":{"self":[{"href":"https:\/\/cmc.aseem.pl\/index.php?rest_route=\/wp\/v2\/pages\/67","targetHints":{"allow":["GET"]}}],"collection":[{"href":"https:\/\/cmc.aseem.pl\/index.php?rest_route=\/wp\/v2\/pages"}],"about":[{"href":"https:\/\/cmc.aseem.pl\/index.php?rest_route=\/wp\/v2\/types\/page"}],"author":[{"embeddable":true,"href":"https:\/\/cmc.aseem.pl\/index.php?rest_route=\/wp\/v2\/users\/1"}],"replies":[{"embeddable":true,"href":"https:\/\/cmc.aseem.pl\/index.php?rest_route=%2Fwp%2Fv2%2Fcomments&post=67"}],"version-history":[{"count":7,"href":"https:\/\/cmc.aseem.pl\/index.php?rest_route=\/wp\/v2\/pages\/67\/revisions"}],"predecessor-version":[{"id":407,"href":"https:\/\/cmc.aseem.pl\/index.php?rest_route=\/wp\/v2\/pages\/67\/revisions\/407"}],"wp:attachment":[{"href":"https:\/\/cmc.aseem.pl\/index.php?rest_route=%2Fwp%2Fv2%2Fmedia&parent=67"}],"curies":[{"name":"wp","href":"https:\/\/api.w.org\/{rel}","templated":true}]}}