{"id":65,"date":"2024-06-28T08:51:17","date_gmt":"2024-06-28T06:51:17","guid":{"rendered":"https:\/\/cmc.aseem.pl\/?page_id=65"},"modified":"2024-06-28T12:29:46","modified_gmt":"2024-06-28T10:29:46","slug":"branza-chemii-gospodarczej","status":"publish","type":"page","link":"https:\/\/cmc.aseem.pl\/?page_id=65","title":{"rendered":"BRAN\u017bA CHEMII GOSPODARCZEJ"},"content":{"rendered":"\t\t<div data-elementor-type=\"wp-page\" data-elementor-id=\"65\" class=\"elementor elementor-65\">\n\t\t\t\t<div class=\"elementor-element elementor-element-d0f3b18 e-flex e-con-boxed e-con e-parent\" data-id=\"d0f3b18\" data-element_type=\"container\">\n\t\t\t\t\t<div class=\"e-con-inner\">\n\t\t\t\t<div class=\"elementor-element elementor-element-738635d elementor-widget elementor-widget-text-editor\" data-id=\"738635d\" data-element_type=\"widget\" data-widget_type=\"text-editor.default\">\n\t\t\t\t<div class=\"elementor-widget-container\">\n\t\t\t<style>\/*! elementor - v3.22.0 - 26-06-2024 *\/\n.elementor-widget-text-editor.elementor-drop-cap-view-stacked .elementor-drop-cap{background-color:#69727d;color:#fff}.elementor-widget-text-editor.elementor-drop-cap-view-framed .elementor-drop-cap{color:#69727d;border:3px solid;background-color:transparent}.elementor-widget-text-editor:not(.elementor-drop-cap-view-default) .elementor-drop-cap{margin-top:8px}.elementor-widget-text-editor:not(.elementor-drop-cap-view-default) .elementor-drop-cap-letter{width:1em;height:1em}.elementor-widget-text-editor .elementor-drop-cap{float:left;text-align:center;line-height:1;font-size:50px}.elementor-widget-text-editor .elementor-drop-cap-letter{display:inline-block}<\/style>\t\t\t\t<p>\u015arodki pomocnicze powierzchniowo czynne przy produkcji proszku do prania, myde\u0142, past czyszcz\u0105cych itp. Spe\u0142niaj\u0105cy funkcje koloidu ochronnego, nie pozwala na ponowne osadzanie si\u0119 brudu w tkaninie, \u015brodek zawieszaj\u0105cy zanieczyszczenia. Powstrzymuje r\u00f3wnie\u017c szarzenie tkanin.<\/p><p>Rekomendowane produkty:<\/p>\t\t\t\t\t\t<\/div>\n\t\t\t\t<\/div>\n\t\t\t\t\t<\/div>\n\t\t\t\t<\/div>\n\t\t<div class=\"elementor-element elementor-element-1ee6957 e-flex e-con-boxed e-con e-parent\" data-id=\"1ee6957\" data-element_type=\"container\">\n\t\t\t\t\t<div class=\"e-con-inner\">\n\t\t\t\t<div class=\"elementor-element elementor-element-5bdfb46 elementor-widget elementor-widget-text-editor\" data-id=\"5bdfb46\" data-element_type=\"widget\" data-widget_type=\"text-editor.default\">\n\t\t\t\t<div class=\"elementor-widget-container\">\n\t\t\t\t\t\t\t<ul><li><a href=\"https:\/\/cmc.aseem.pl\/?page_id=39\">Pollocel\u00ae\u00a0AS-2\/10<\/a><\/li><li><a href=\"https:\/\/cmc.aseem.pl\/?page_id=41\">Pollocel\u00ae\u00a0AS-2\/30<\/a><\/li><li><a href=\"https:\/\/cmc.aseem.pl\/?page_id=43\">Pollocel\u00ae\u00a0AS-2\/60<\/a><\/li><li><a href=\"https:\/\/cmc.aseem.pl\/?page_id=45\">Pollocel\u00ae\u00a0AS-2\/90<\/a><\/li><\/ul>\t\t\t\t\t\t<\/div>\n\t\t\t\t<\/div>\n\t\t\t\t\t<\/div>\n\t\t\t\t<\/div>\n\t\t\t\t<\/div>\n\t\t","protected":false},"excerpt":{"rendered":"<p>\u015arodki pomocnicze powierzchniowo czynne przy produkcji proszku do prania, myde\u0142, past czyszcz\u0105cych itp. Spe\u0142niaj\u0105cy funkcje koloidu ochronnego, nie pozwala na ponowne osadzanie si\u0119 brudu w tkaninie, \u015brodek zawieszaj\u0105cy zanieczyszczenia. Powstrzymuje r\u00f3wnie\u017c szarzenie tkanin. Rekomendowane produkty: Pollocel\u00ae\u00a0AS-2\/10 Pollocel\u00ae\u00a0AS-2\/30 Pollocel\u00ae\u00a0AS-2\/60 Pollocel\u00ae\u00a0AS-2\/90<\/p>\n","protected":false},"author":1,"featured_media":0,"parent":0,"menu_order":0,"comment_status":"closed","ping_status":"closed","template":"","meta":{"footnotes":""},"class_list":["post-65","page","type-page","status-publish","hentry"],"_links":{"self":[{"href":"https:\/\/cmc.aseem.pl\/index.php?rest_route=\/wp\/v2\/pages\/65","targetHints":{"allow":["GET"]}}],"collection":[{"href":"https:\/\/cmc.aseem.pl\/index.php?rest_route=\/wp\/v2\/pages"}],"about":[{"href":"https:\/\/cmc.aseem.pl\/index.php?rest_route=\/wp\/v2\/types\/page"}],"author":[{"embeddable":true,"href":"https:\/\/cmc.aseem.pl\/index.php?rest_route=\/wp\/v2\/users\/1"}],"replies":[{"embeddable":true,"href":"https:\/\/cmc.aseem.pl\/index.php?rest_route=%2Fwp%2Fv2%2Fcomments&post=65"}],"version-history":[{"count":7,"href":"https:\/\/cmc.aseem.pl\/index.php?rest_route=\/wp\/v2\/pages\/65\/revisions"}],"predecessor-version":[{"id":404,"href":"https:\/\/cmc.aseem.pl\/index.php?rest_route=\/wp\/v2\/pages\/65\/revisions\/404"}],"wp:attachment":[{"href":"https:\/\/cmc.aseem.pl\/index.php?rest_route=%2Fwp%2Fv2%2Fmedia&parent=65"}],"curies":[{"name":"wp","href":"https:\/\/api.w.org\/{rel}","templated":true}]}}