{"id":63,"date":"2024-06-28T08:51:07","date_gmt":"2024-06-28T06:51:07","guid":{"rendered":"https:\/\/cmc.aseem.pl\/?page_id=63"},"modified":"2024-06-28T12:28:33","modified_gmt":"2024-06-28T10:28:33","slug":"branza-farbiarska","status":"publish","type":"page","link":"https:\/\/cmc.aseem.pl\/?page_id=63","title":{"rendered":"BRAN\u017bA FARBIARSKA"},"content":{"rendered":"\t\t<div data-elementor-type=\"wp-page\" data-elementor-id=\"63\" class=\"elementor elementor-63\">\n\t\t\t\t<div class=\"elementor-element elementor-element-17fe029 e-flex e-con-boxed e-con e-parent\" data-id=\"17fe029\" data-element_type=\"container\">\n\t\t\t\t\t<div class=\"e-con-inner\">\n\t\t\t\t<div class=\"elementor-element elementor-element-472e4da elementor-widget elementor-widget-text-editor\" data-id=\"472e4da\" data-element_type=\"widget\" data-widget_type=\"text-editor.default\">\n\t\t\t\t<div class=\"elementor-widget-container\">\n\t\t\t<style>\/*! elementor - v3.22.0 - 26-06-2024 *\/\n.elementor-widget-text-editor.elementor-drop-cap-view-stacked .elementor-drop-cap{background-color:#69727d;color:#fff}.elementor-widget-text-editor.elementor-drop-cap-view-framed .elementor-drop-cap{color:#69727d;border:3px solid;background-color:transparent}.elementor-widget-text-editor:not(.elementor-drop-cap-view-default) .elementor-drop-cap{margin-top:8px}.elementor-widget-text-editor:not(.elementor-drop-cap-view-default) .elementor-drop-cap-letter{width:1em;height:1em}.elementor-widget-text-editor .elementor-drop-cap{float:left;text-align:center;line-height:1;font-size:50px}.elementor-widget-text-editor .elementor-drop-cap-letter{display:inline-block}<\/style>\t\t\t\t<p>Zastosowanie jako zag\u0119stniki, kleje do farb \u015bciennych emulsyjnych, kredowych itp. oraz jako \u015brodek pomocniczy do farb proszkowych. CMC tworzy odpowiedni film farby oraz reguluje jej przyczepno\u015b\u0107 do \u015bciany.<\/p><p>Polecane produkty:<\/p>\t\t\t\t\t\t<\/div>\n\t\t\t\t<\/div>\n\t\t\t\t\t<\/div>\n\t\t\t\t<\/div>\n\t\t<div class=\"elementor-element elementor-element-b19a4bc e-flex e-con-boxed e-con e-parent\" data-id=\"b19a4bc\" data-element_type=\"container\">\n\t\t\t\t\t<div class=\"e-con-inner\">\n\t\t\t\t<div class=\"elementor-element elementor-element-cb30e07 elementor-widget elementor-widget-text-editor\" data-id=\"cb30e07\" data-element_type=\"widget\" data-widget_type=\"text-editor.default\">\n\t\t\t\t<div class=\"elementor-widget-container\">\n\t\t\t\t\t\t\t<ul><li><a href=\"https:\/\/cmc.aseem.pl\/?page_id=43\">Pollocel\u00ae\u00a0AS-2\/60<\/a><\/li><li><a href=\"https:\/\/cmc.aseem.pl\/?page_id=45\">Pollocel\u00ae\u00a0AS-2\/90<\/a><\/li><li><a href=\"https:\/\/cmc.aseem.pl\/?page_id=53\">Pollocel\u00ae\u00a0NS-2\/60<\/a><\/li><\/ul>\t\t\t\t\t\t<\/div>\n\t\t\t\t<\/div>\n\t\t\t\t\t<\/div>\n\t\t\t\t<\/div>\n\t\t\t\t<\/div>\n\t\t","protected":false},"excerpt":{"rendered":"<p>Zastosowanie jako zag\u0119stniki, kleje do farb \u015bciennych emulsyjnych, kredowych itp. oraz jako \u015brodek pomocniczy do farb proszkowych. CMC tworzy odpowiedni film farby oraz reguluje jej przyczepno\u015b\u0107 do \u015bciany. Polecane produkty: Pollocel\u00ae\u00a0AS-2\/60 Pollocel\u00ae\u00a0AS-2\/90 Pollocel\u00ae\u00a0NS-2\/60<\/p>\n","protected":false},"author":1,"featured_media":0,"parent":0,"menu_order":0,"comment_status":"closed","ping_status":"closed","template":"","meta":{"footnotes":""},"class_list":["post-63","page","type-page","status-publish","hentry"],"_links":{"self":[{"href":"https:\/\/cmc.aseem.pl\/index.php?rest_route=\/wp\/v2\/pages\/63","targetHints":{"allow":["GET"]}}],"collection":[{"href":"https:\/\/cmc.aseem.pl\/index.php?rest_route=\/wp\/v2\/pages"}],"about":[{"href":"https:\/\/cmc.aseem.pl\/index.php?rest_route=\/wp\/v2\/types\/page"}],"author":[{"embeddable":true,"href":"https:\/\/cmc.aseem.pl\/index.php?rest_route=\/wp\/v2\/users\/1"}],"replies":[{"embeddable":true,"href":"https:\/\/cmc.aseem.pl\/index.php?rest_route=%2Fwp%2Fv2%2Fcomments&post=63"}],"version-history":[{"count":7,"href":"https:\/\/cmc.aseem.pl\/index.php?rest_route=\/wp\/v2\/pages\/63\/revisions"}],"predecessor-version":[{"id":401,"href":"https:\/\/cmc.aseem.pl\/index.php?rest_route=\/wp\/v2\/pages\/63\/revisions\/401"}],"wp:attachment":[{"href":"https:\/\/cmc.aseem.pl\/index.php?rest_route=%2Fwp%2Fv2%2Fmedia&parent=63"}],"curies":[{"name":"wp","href":"https:\/\/api.w.org\/{rel}","templated":true}]}}