{"id":57,"date":"2024-06-28T08:50:33","date_gmt":"2024-06-28T06:50:33","guid":{"rendered":"https:\/\/cmc.aseem.pl\/?page_id=57"},"modified":"2024-06-28T10:38:41","modified_gmt":"2024-06-28T08:38:41","slug":"polofix-lv","status":"publish","type":"page","link":"https:\/\/cmc.aseem.pl\/?page_id=57","title":{"rendered":"POLOFIX\u00ae LV"},"content":{"rendered":"\t\t<div data-elementor-type=\"wp-page\" data-elementor-id=\"57\" class=\"elementor elementor-57\">\n\t\t\t\t<div class=\"elementor-element elementor-element-47277b8 e-flex e-con-boxed e-con e-parent\" data-id=\"47277b8\" data-element_type=\"container\">\n\t\t\t\t\t<div class=\"e-con-inner\">\n\t\t<div class=\"elementor-element elementor-element-924040f e-con-full e-flex e-con e-child\" data-id=\"924040f\" data-element_type=\"container\">\n\t\t\t\t<div class=\"elementor-element elementor-element-ecd7d1f elementor-widget elementor-widget-html\" data-id=\"ecd7d1f\" data-element_type=\"widget\" data-widget_type=\"html.default\">\n\t\t\t\t<div class=\"elementor-widget-container\">\n\t\t\t<div class=\"woocommerce-product-gallery woocommerce-product-gallery--without-images woocommerce-product-gallery--columns-4 images\" data-columns=\"4\" style=\"opacity: 1; transition: opacity 0.25s ease-in-out 0s;\">\r\n\t<div class=\"woocommerce-product-gallery__wrapper\">\r\n\t\t<div class=\"woocommerce-product-gallery__image--placeholder\"><img decoding=\"async\" src=\"https:\/\/cmc.luksoft.info\/wp-content\/uploads\/woocommerce-placeholder-600x600.png\" alt=\"Oczekiwanie na obrazek produktu\" class=\"wp-post-image\"><\/div><div class=\"product-post-content\"><div class=\"product-block product-params row\">\r\n<h3 class=\"text-uppercase\">Parametry<\/h3>\r\n<div class=\"col-md-12 col-sm-12 col-xs-12\">\r\n<div class=\"col-md-12 col-sm-12 col-xs-12\">\r\n<div class=\"col-md-4 col-sm-6 col-xs-6 product-param\">\r\n<div class=\"product-param-inner text-center\">\r\n<div class=\"param-value relative\">\r\n<h3 class=\"h4 color3 absolute-center-both\">proszek bia\u0142y do lekko kremowy<\/h3>\r\n<\/div>\r\n<!--end param value-->\r\n<h5 class=\"h5 color1\">Posta\u0107\/kolor<\/h5>\r\n<\/div>\r\n<!--end product param inner-->\r\n\r\n<\/div>\r\n<div class=\"col-md-4 col-sm-6 col-xs-6 product-param\">\r\n<div class=\"product-param-inner text-center\">\r\n<div class=\"param-value relative\">\r\n<h3 class=\"h4 color3 absolute-center-both\">59,0<\/h3>\r\n<\/div>\r\n<!--end param value-->\r\n<h5 class=\"h5 color1\">Zawarto\u015b\u0107 substancji czynnej w przeliczeniu na suchy produkt<\/h5>\r\n<\/div>\r\n<!--end product param inner-->\r\n\r\n<\/div>\r\n<div class=\"col-md-4 col-sm-6 col-xs-6 product-param\">\r\n<div class=\"product-param-inner text-center\">\r\n<div class=\"param-value relative\">\r\n<h3 class=\"h4 color3 absolute-center-both\">0,6-07<\/h3>\r\n<\/div>\r\n<!--end param value-->\r\n<h5 class=\"h5 color1\">Stopie\u0144 podstawienia<\/h5>\r\n<\/div>\r\n<!--end product param inner-->\r\n\r\n<\/div>\r\n<\/div>\r\n<\/div>\r\n<!--end product param-->\r\n<!--end product param-->\r\n<!--end product param-->\r\n<div class=\"col-md-12 col-sm-12 col-xs-12\">\r\n<div class=\"col-md-12 col-sm-12 col-xs-12\">\r\n<div class=\"col-md-4 col-sm-6 col-xs-6 product-param\">\r\n<div class=\"product-param-inner text-center\">\r\n<div class=\"param-value relative\">\r\n<h3 class=\"h4 color3 absolute-center-both\">18,0%<\/h3>\r\n<\/div>\r\n<!--end param value-->\r\n<h5 class=\"h5 color1\">Zawarto\u015b\u0107 chlork\u00f3w<\/h5>\r\n<\/div>\r\n<!--end product param inner-->\r\n\r\n<\/div>\r\n<div class=\"col-md-4 col-sm-6 col-xs-6 product-param\">\r\n<div class=\"product-param-inner text-center\">\r\n<div class=\"param-value relative\">\r\n<h3 class=\"h4 color3 absolute-center-both\">15-40<\/h3>\r\n<\/div>\r\n<!--end param value-->\r\n<h5 class=\"h5 color1\">Lepko\u015b\u0107 2% roztworu wg H\u00f6pplera w 20\u00b0C (mPas)<\/h5>\r\n<\/div>\r\n<!--end product param inner-->\r\n\r\n<\/div>\r\n<div class=\"col-md-4 col-sm-6 col-xs-6 product-param\">\r\n<div class=\"product-param-inner text-center\">\r\n<div class=\"param-value relative\">\r\n<h3 class=\"h4 color3 absolute-center-both\">7,0-11,0<\/h3>\r\n<\/div>\r\n<!--end param value-->\r\n<h5 class=\"h5 color1\">pH 2% roztworu wodnego<\/h5>\r\n<\/div>\r\n<!--end product param inner-->\r\n\r\n<\/div>\r\n<\/div>\r\n<\/div>\r\n<!--end product param-->\r\n<!--end product param-->\r\n<!--end product param-->\r\n<div class=\"col-md-12 col-sm-12 col-xs-12\">\r\n<div class=\"col-md-12 col-sm-12 col-xs-12\">\r\n<div class=\"col-md-4 col-sm-6 col-xs-6 product-param\">\r\n<div class=\"product-param-inner text-center\">\r\n<div class=\"param-value relative\">\r\n<h3 class=\"h4 color3 absolute-center-both\">0,4-0,6kg\/dm3<\/h3>\r\n<\/div>\r\n<!--end param value-->\r\n<h5 class=\"h5 color1\">Ci\u0119\u017car nasypowy<\/h5>\r\n<\/div>\r\n<!--end product param inner-->\r\n\r\n<\/div>\r\n<div class=\"col-md-4 col-sm-6 col-xs-6 product-param\">\r\n<div class=\"product-param-inner text-center\">\r\n<div class=\"param-value relative\">\r\n<h3 class=\"h4 color3 absolute-center-both\">8-10<\/h3>\r\n<\/div>\r\n<!--end param value-->\r\n<h5 class=\"h5 color1\">Zawarto\u015b\u0107 wilgoci % (max)<\/h5>\r\n<\/div>\r\n<!--end product param inner-->\r\n\r\n<\/div>\r\n<div class=\"col-md-4 col-sm-6 col-xs-6 product-param\">\r\n<div class=\"product-param-inner text-center\">\r\n<div class=\"param-value relative\">\r\n<h3 class=\"h4 color3 absolute-center-both\">1,0<\/h3>\r\n<\/div>\r\n<!--end param value-->\r\n<h5 class=\"h5 color1\">Rozdrobnienie (mm) max<\/h5>\r\n<\/div>\r\n<!--end product param inner-->\r\n\r\n<\/div>\r\n<\/div>\r\n<\/div>\r\n<!--end product param-->\r\n<!--end product param-->\r\n<!--end product param-->\r\n<div class=\"col-md-12 col-sm-12 col-xs-12\">\r\n<div class=\"col-md-12 col-sm-12 col-xs-12\">\r\n<div class=\"col-md-4 col-sm-6 col-xs-6 product-param\">\r\n<div class=\"product-param-inner text-center\">\r\n<div class=\"param-value relative\">\r\n<h3 class=\"h4 color3 absolute-center-both\">tak<\/h3>\r\n<\/div>\r\n<!--end param value-->\r\n<h5 class=\"h5 color1\">Rozpuszczalno\u015b\u0107 w wodzie<\/h5>\r\n<\/div>\r\n<!--end product param inner-->\r\n\r\n<\/div>\r\n<div class=\"col-md-4 col-sm-6 col-xs-6 product-param\">\r\n<div class=\"product-param-inner text-center\">\r\n<div class=\"param-value relative\">\r\n<h3 class=\"h4 color3 absolute-center-both\">pobierz PDF<\/h3>\r\n<\/div>\r\n<!--end param value-->\r\n<h5 class=\"h5 color1\">Karta charakterystyki<\/h5>\r\n<\/div>\r\n<!--end product param inner-->\r\n\r\n<\/div>\r\n<div class=\"col-md-4 col-sm-6 col-xs-6 product-param\">\r\n<div class=\"product-param-inner text-center\">\r\n<div class=\"param-value relative\">\r\n<h3 class=\"h4 color3 absolute-center-both\">pobierz PDF<\/h3>\r\n<\/div>\r\n<!--end param value-->\r\n<h5 class=\"h5 color1\">certyfikat<\/h5>\r\n<\/div>\r\n<!--end product param inner-->\r\n\r\n<\/div>\r\n<\/div>\r\n<\/div>\r\n<!--end product param-->\r\n<!--end product param-->\r\n<!--end product param-->\r\n\r\n<\/div><\/div>\t<\/div>\r\n<\/div>\t\t<\/div>\n\t\t\t\t<\/div>\n\t\t\t\t<\/div>\n\t\t<div class=\"elementor-element elementor-element-80af88a e-con-full e-flex e-con e-child\" data-id=\"80af88a\" data-element_type=\"container\">\n\t\t\t\t<div class=\"elementor-element elementor-element-89b77d9 elementor-widget elementor-widget-text-editor\" data-id=\"89b77d9\" data-element_type=\"widget\" data-widget_type=\"text-editor.default\">\n\t\t\t\t<div class=\"elementor-widget-container\">\n\t\t\t<style>\/*! elementor - v3.22.0 - 26-06-2024 *\/\n.elementor-widget-text-editor.elementor-drop-cap-view-stacked .elementor-drop-cap{background-color:#69727d;color:#fff}.elementor-widget-text-editor.elementor-drop-cap-view-framed .elementor-drop-cap{color:#69727d;border:3px solid;background-color:transparent}.elementor-widget-text-editor:not(.elementor-drop-cap-view-default) .elementor-drop-cap{margin-top:8px}.elementor-widget-text-editor:not(.elementor-drop-cap-view-default) .elementor-drop-cap-letter{width:1em;height:1em}.elementor-widget-text-editor .elementor-drop-cap{float:left;text-align:center;line-height:1;font-size:50px}.elementor-widget-text-editor .elementor-drop-cap-letter{display:inline-block}<\/style>\t\t\t\t<div id=\"primary\" class=\"content-area\">\n<div id=\"product-361\" class=\"product type-product post-361 status-publish first instock product_cat-produkty shipping-taxable product-type-simple\">\n<div class=\"summary entry-summary\">\n<div class=\"woocommerce-product-details__short-description\">\n<div class=\"product-block product-usage\">\n<p>POLOFIX<sup>\u00ae <\/sup>LV<\/p><\/div><\/div><\/div><\/div><\/div>\t\t\t\t\t\t<\/div>\n\t\t\t\t<\/div>\n\t\t\t\t<div class=\"elementor-element elementor-element-595254e elementor-widget elementor-widget-text-editor\" data-id=\"595254e\" data-element_type=\"widget\" data-widget_type=\"text-editor.default\">\n\t\t\t\t<div class=\"elementor-widget-container\">\n\t\t\t\t\t\t\t<div id=\"primary\" class=\"content-area\"><p>\u00a0<\/p><div id=\"product-361\" class=\"product type-product post-361 status-publish first instock product_cat-produkty shipping-taxable product-type-simple\"><div class=\"summary entry-summary\"><div class=\"woocommerce-product-details__short-description\"><div class=\"product-block product-description\"><p>POLOFIX<sup>\u00ae<\/sup>LV jest niskolepk\u0105 modyfikowan\u0105 odmian\u0105 technicznej soli karboksymetylocelulozy, wytwarzanej w procesie eteryfikacji celulozy drzewnej kwasem monochlorooctowym, s\u0142u\u017c\u0105c\u0105 do obni\u017cania filtracji i stabilizowania lepko\u015bci wszystkich p\u0142uczek na bazie wodnej w tym p\u0142uczek sporz\u0105dzanych na bazie wody morskiej i nasyconych solanek.<\/p><p>POLOFIX\u00a0<sup>\u00ae<\/sup>\u00a0LV pakowany jest w worki papierowe z wielowarstwowymi wk\u0142adkami foliowymi zabezpieczaj\u0105cymi przed dzia\u0142aniem wilgoci .<\/p><p>Wielko\u015b\u0107 opakowania 20 kg<\/p><p><b>Produkt zgodny z ameryka\u0144sk\u0105 norm\u0105 API.<\/b><\/p><\/div><div class=\"product-block product-usage\"><p>POLOFIX<sup>\u00ae<\/sup>\u00a0LV znakomicie obni\u017ca filtracj\u0119 p\u0142uczek wiertniczych. Dzia\u0142a efektywnie przy wszystkich koncentracjach NaCl, w szerokim zakresie pH i zawarto\u015bci jon\u00f3w CA\u00a0<sup>+2<\/sup>\u00a0i Mg<sup>+2<\/sup>. POLOFIX<sup>\u00ae<\/sup>\u2013 LV najcz\u0119\u015bciej dodawany jest w ilo\u015bciach 10 \u2013 25 kg\/m3 p\u0142uczki w zale\u017cno\u015bci od rodzaju i zasolenie p\u0142uczki wiertniczej.<\/p><\/div><\/div><\/div><\/div><p>\u00a0<\/p><\/div><footer id=\"colophon\" role=\"contentinfo\"><div class=\"footer-width-fixer\"><div class=\"elementor elementor-9\" data-elementor-type=\"wp-post\" data-elementor-id=\"9\"><div class=\"elementor-element elementor-element-d589b09 e-flex e-con-boxed e-con e-parent e-lazyloaded\" data-id=\"d589b09\" data-element_type=\"container\"><div class=\"e-con-inner\"><div class=\"elementor-element elementor-element-470de64 elementor-widget-divider--view-line elementor-widget elementor-widget-divider\" data-id=\"470de64\" data-element_type=\"widget\" data-widget_type=\"divider.default\"><div class=\"elementor-widget-container\"><div class=\"elementor-divider\">\u00a0<\/div><\/div><\/div><\/div><\/div><\/div><\/div><\/footer>\t\t\t\t\t\t<\/div>\n\t\t\t\t<\/div>\n\t\t\t\t<\/div>\n\t\t\t\t\t<\/div>\n\t\t\t\t<\/div>\n\t\t\t\t<\/div>\n\t\t","protected":false},"excerpt":{"rendered":"<p>Parametry proszek bia\u0142y do lekko kremowy Posta\u0107\/kolor 59,0 Zawarto\u015b\u0107 substancji czynnej w przeliczeniu na suchy produkt 0,6-07 Stopie\u0144 podstawienia 18,0% Zawarto\u015b\u0107 chlork\u00f3w 15-40 Lepko\u015b\u0107 2% roztworu wg H\u00f6pplera w 20\u00b0C (mPas) 7,0-11,0 pH 2% roztworu wodnego 0,4-0,6kg\/dm3 Ci\u0119\u017car nasypowy 8-10 Zawarto\u015b\u0107 wilgoci % (max) 1,0 Rozdrobnienie (mm) max tak Rozpuszczalno\u015b\u0107 w wodzie pobierz PDF Karta [&hellip;]<\/p>\n","protected":false},"author":1,"featured_media":0,"parent":0,"menu_order":0,"comment_status":"closed","ping_status":"closed","template":"","meta":{"footnotes":""},"class_list":["post-57","page","type-page","status-publish","hentry"],"_links":{"self":[{"href":"https:\/\/cmc.aseem.pl\/index.php?rest_route=\/wp\/v2\/pages\/57","targetHints":{"allow":["GET"]}}],"collection":[{"href":"https:\/\/cmc.aseem.pl\/index.php?rest_route=\/wp\/v2\/pages"}],"about":[{"href":"https:\/\/cmc.aseem.pl\/index.php?rest_route=\/wp\/v2\/types\/page"}],"author":[{"embeddable":true,"href":"https:\/\/cmc.aseem.pl\/index.php?rest_route=\/wp\/v2\/users\/1"}],"replies":[{"embeddable":true,"href":"https:\/\/cmc.aseem.pl\/index.php?rest_route=%2Fwp%2Fv2%2Fcomments&post=57"}],"version-history":[{"count":7,"href":"https:\/\/cmc.aseem.pl\/index.php?rest_route=\/wp\/v2\/pages\/57\/revisions"}],"predecessor-version":[{"id":240,"href":"https:\/\/cmc.aseem.pl\/index.php?rest_route=\/wp\/v2\/pages\/57\/revisions\/240"}],"wp:attachment":[{"href":"https:\/\/cmc.aseem.pl\/index.php?rest_route=%2Fwp%2Fv2%2Fmedia&parent=57"}],"curies":[{"name":"wp","href":"https:\/\/api.w.org\/{rel}","templated":true}]}}