{"id":53,"date":"2024-06-28T08:50:08","date_gmt":"2024-06-28T06:50:08","guid":{"rendered":"https:\/\/cmc.aseem.pl\/?page_id=53"},"modified":"2024-06-28T10:28:49","modified_gmt":"2024-06-28T08:28:49","slug":"pollocel-ns-2-60","status":"publish","type":"page","link":"https:\/\/cmc.aseem.pl\/?page_id=53","title":{"rendered":"POLLOCEL\u00ae NS-2\/60"},"content":{"rendered":"\t\t<div data-elementor-type=\"wp-page\" data-elementor-id=\"53\" class=\"elementor elementor-53\">\n\t\t\t\t<div class=\"elementor-element elementor-element-d5891f7 e-flex e-con-boxed e-con e-parent\" data-id=\"d5891f7\" data-element_type=\"container\">\n\t\t\t\t\t<div class=\"e-con-inner\">\n\t\t<div class=\"elementor-element elementor-element-c9408c8 e-con-full e-flex e-con e-child\" data-id=\"c9408c8\" data-element_type=\"container\">\n\t\t\t\t<div class=\"elementor-element elementor-element-6a59a5b elementor-widget elementor-widget-html\" data-id=\"6a59a5b\" data-element_type=\"widget\" data-widget_type=\"html.default\">\n\t\t\t\t<div class=\"elementor-widget-container\">\n\t\t\t<div class=\"woocommerce-product-gallery woocommerce-product-gallery--without-images woocommerce-product-gallery--columns-4 images\" data-columns=\"4\" style=\"opacity: 1; transition: opacity 0.25s ease-in-out 0s;\">\r\n\t<div class=\"woocommerce-product-gallery__wrapper\">\r\n\t\t<div class=\"woocommerce-product-gallery__image--placeholder\"><img decoding=\"async\" src=\"https:\/\/cmc.luksoft.info\/wp-content\/uploads\/woocommerce-placeholder-600x600.png\" alt=\"Oczekiwanie na obrazek produktu\" class=\"wp-post-image\"><\/div><div class=\"product-post-content\"><div class=\"product-block product-params row\">\r\n            \t<h3 class=\"text-uppercase\">Parametry<\/h3>\r\n                                \t                \t<div class=\"col-md-12 col-sm-12 col-xs-12\"><div class=\"col-md-12 col-sm-12 col-xs-12\"><div class=\"col-md-4 col-sm-6 col-xs-6 product-param\">\r\n                    \t<div class=\"product-param-inner text-center\">\r\n                        \t                                                        <div class=\"param-value relative\">\r\n                            \t<h3 class=\"h4 color3 absolute-center-both\">proszek bia\u0142y do lekko kremowy\r\n<\/h3>\r\n                            <\/div><!--end param value-->\r\n                                                                                                                <h5 class=\"h5 color1\">Posta\u0107\/kolor\r\n<\/h5>\r\n                                                    <\/div><!--end product param inner-->\r\n                    <\/div><div class=\"col-md-4 col-sm-6 col-xs-6 product-param\">\r\n                    \t<div class=\"product-param-inner text-center\">\r\n                        \t                                                        <div class=\"param-value relative\">\r\n                            \t<h3 class=\"h4 color3 absolute-center-both\">67,0\r\n<\/h3>\r\n                            <\/div><!--end param value-->\r\n                                                                                                                <h5 class=\"h5 color1\">Zawarto\u015b\u0107 substancji czynnej w przeliczeniu na suchy produkt\r\n<\/h5>\r\n                                                    <\/div><!--end product param inner-->\r\n                    <\/div><div class=\"col-md-4 col-sm-6 col-xs-6 product-param\">\r\n                    \t<div class=\"product-param-inner text-center\">\r\n                        \t                                                        <div class=\"param-value relative\">\r\n                            \t<h3 class=\"h4 color3 absolute-center-both\">0,5-0,7\r\n<\/h3>\r\n                            <\/div><!--end param value-->\r\n                                                                                                                <h5 class=\"h5 color1\">Stopie\u0144 podstawienia\r\n<\/h5>\r\n                                                    <\/div><!--end product param inner-->\r\n                    <\/div><\/div><\/div><!--end product param-->\r\n                                \t                \t<!--end product param-->\r\n                                \t                \t<!--end product param-->\r\n                                \t                \t<div class=\"col-md-12 col-sm-12 col-xs-12\"><div class=\"col-md-12 col-sm-12 col-xs-12\"><div class=\"col-md-4 col-sm-6 col-xs-6 product-param\">\r\n                    \t<div class=\"product-param-inner text-center\">\r\n                        \t                                                        <div class=\"param-value relative\">\r\n                            \t<h3 class=\"h4 color3 absolute-center-both\">18,0%\r\n<\/h3>\r\n                            <\/div><!--end param value-->\r\n                                                                                                                <h5 class=\"h5 color1\">Zawarto\u015b\u0107 chlork\u00f3w\r\n<\/h5>\r\n                                                    <\/div><!--end product param inner-->\r\n                    <\/div><div class=\"col-md-4 col-sm-6 col-xs-6 product-param\">\r\n                    \t<div class=\"product-param-inner text-center\">\r\n                        \t                                                        <div class=\"param-value relative\">\r\n                            \t<h3 class=\"h4 color3 absolute-center-both\">41-70\r\n<\/h3>\r\n                            <\/div><!--end param value-->\r\n                                                                                                                <h5 class=\"h5 color1\">Lepko\u015b\u0107 2% roztworu wg H\u00f6pplera w 20\u00b0C (mPas)\r\n<\/h5>\r\n                                                    <\/div><!--end product param inner-->\r\n                    <\/div><div class=\"col-md-4 col-sm-6 col-xs-6 product-param\">\r\n                    \t<div class=\"product-param-inner text-center\">\r\n                        \t                                                        <div class=\"param-value relative\">\r\n                            \t<h3 class=\"h4 color3 absolute-center-both\">6,5-8,5\r\n<\/h3>\r\n                            <\/div><!--end param value-->\r\n                                                                                                                <h5 class=\"h5 color1\">pH 2% roztworu wodnego\r\n<\/h5>\r\n                                                    <\/div><!--end product param inner-->\r\n                    <\/div><\/div><\/div><!--end product param-->\r\n                                \t                \t<!--end product param-->\r\n                                \t                \t<!--end product param-->\r\n                                \t                \t<div class=\"col-md-12 col-sm-12 col-xs-12\"><div class=\"col-md-12 col-sm-12 col-xs-12\"><div class=\"col-md-4 col-sm-6 col-xs-6 product-param\">\r\n                    \t<div class=\"product-param-inner text-center\">\r\n                        \t                                                        <div class=\"param-value relative\">\r\n                            \t<h3 class=\"h4 color3 absolute-center-both\">0,4-0,6kg\/dm3\r\n<\/h3>\r\n                            <\/div><!--end param value-->\r\n                                                                                                                <h5 class=\"h5 color1\">Ci\u0119\u017car nasypowy\r\n<\/h5>\r\n                                                    <\/div><!--end product param inner-->\r\n                    <\/div><div class=\"col-md-4 col-sm-6 col-xs-6 product-param\">\r\n                    \t<div class=\"product-param-inner text-center\">\r\n                        \t                                                        <div class=\"param-value relative\">\r\n                            \t<h3 class=\"h4 color3 absolute-center-both\">8-10\r\n<\/h3>\r\n                            <\/div><!--end param value-->\r\n                                                                                                                <h5 class=\"h5 color1\">Zawarto\u015b\u0107 wilgoci % (max)\r\n<\/h5>\r\n                                                    <\/div><!--end product param inner-->\r\n                    <\/div><div class=\"col-md-4 col-sm-6 col-xs-6 product-param\">\r\n                    \t<div class=\"product-param-inner text-center\">\r\n                        \t                                                        <div class=\"param-value relative\">\r\n                            \t<h3 class=\"h4 color3 absolute-center-both\">1,0\r\n<\/h3>\r\n                            <\/div><!--end param value-->\r\n                                                                                                                <h5 class=\"h5 color1\">Rozdrobnienie (mm) max\r\n<\/h5>\r\n                                                    <\/div><!--end product param inner-->\r\n                    <\/div><\/div><\/div><!--end product param-->\r\n                                \t                \t<!--end product param-->\r\n                                \t                \t<!--end product param-->\r\n                                \t                \t<div class=\"col-md-12 col-sm-12 col-xs-12\"><div class=\"col-md-12 col-sm-12 col-xs-12\"><div class=\"col-md-4 col-sm-6 col-xs-6 product-param\">\r\n                    \t<div class=\"product-param-inner text-center\">\r\n                        \t                                                        <div class=\"param-value relative\">\r\n                            \t<h3 class=\"h4 color3 absolute-center-both\">tak\r\n<\/h3>\r\n                            <\/div><!--end param value-->\r\n                                                                                                                <h5 class=\"h5 color1\">Rozpuszczalno\u015b\u0107 w wodzie\r\n<\/h5>\r\n                                                    <\/div><!--end product param inner-->\r\n                    <\/div><div class=\"col-md-4 col-sm-6 col-xs-6 product-param\">\r\n                    \t<div class=\"product-param-inner text-center\">\r\n                        \t                                                        <a href=\"https:\/\/www.cmcsa.pl\/wp-content\/uploads\/karta-charakt-CMC_ostateczna.pdf\" target=\"_blank\" rel=\"noopener\">\r\n                                                        <div class=\"param-value relative\">\r\n                            \t<h3 class=\"h4 color3 absolute-center-both\">pobierz PDF\r\n<\/h3>\r\n                            <\/div><!--end param value-->\r\n                            <\/a>                                                                                    <h5 class=\"h5 color1\">Karta charakterystyki\r\n<\/h5>\r\n                                                    <\/div><!--end product param inner-->\r\n                    <\/div><div class=\"col-md-4 col-sm-6 col-xs-6 product-param\">\r\n                    \t<div class=\"product-param-inner text-center\">\r\n                        \t                                                        <a href=\"https:\/\/www.cmcsa.pl\/wp-content\/uploads\/reach-wersja-polska.pdf\" target=\"_blank\" rel=\"noopener\">\r\n                                                        <div class=\"param-value relative\">\r\n                            \t<h3 class=\"h4 color3 absolute-center-both\">pobierz PDF\r\n<\/h3>\r\n                            <\/div><!--end param value-->\r\n                            <\/a>                                                                                    <h5 class=\"h5 color1\">Karboksymetyloceluloza CMC \u2013 Cefic\r\n<\/h5>\r\n                                                    <\/div><!--end product param inner-->\r\n                    <\/div><\/div><\/div><!--end product param-->\r\n                                \t                \t<!--end product param-->\r\n                                \t                \t<!--end product param-->\r\n                                <\/div><\/div>\t<\/div>\r\n<\/div>\t\t<\/div>\n\t\t\t\t<\/div>\n\t\t\t\t<\/div>\n\t\t<div class=\"elementor-element elementor-element-7f3560c e-con-full e-flex e-con e-child\" data-id=\"7f3560c\" data-element_type=\"container\">\n\t\t\t\t<div class=\"elementor-element elementor-element-00f7e5f elementor-widget elementor-widget-text-editor\" data-id=\"00f7e5f\" data-element_type=\"widget\" data-widget_type=\"text-editor.default\">\n\t\t\t\t<div class=\"elementor-widget-container\">\n\t\t\t<style>\/*! elementor - v3.22.0 - 26-06-2024 *\/\n.elementor-widget-text-editor.elementor-drop-cap-view-stacked .elementor-drop-cap{background-color:#69727d;color:#fff}.elementor-widget-text-editor.elementor-drop-cap-view-framed .elementor-drop-cap{color:#69727d;border:3px solid;background-color:transparent}.elementor-widget-text-editor:not(.elementor-drop-cap-view-default) .elementor-drop-cap{margin-top:8px}.elementor-widget-text-editor:not(.elementor-drop-cap-view-default) .elementor-drop-cap-letter{width:1em;height:1em}.elementor-widget-text-editor .elementor-drop-cap{float:left;text-align:center;line-height:1;font-size:50px}.elementor-widget-text-editor .elementor-drop-cap-letter{display:inline-block}<\/style>\t\t\t\t<p>POLLOCEL\u00ae NS-2\/60<\/p>\t\t\t\t\t\t<\/div>\n\t\t\t\t<\/div>\n\t\t\t\t<div class=\"elementor-element elementor-element-0cea234 elementor-widget elementor-widget-text-editor\" data-id=\"0cea234\" data-element_type=\"widget\" data-widget_type=\"text-editor.default\">\n\t\t\t\t<div class=\"elementor-widget-container\">\n\t\t\t\t\t\t\t<p>Pollocel<sup>\u00ae<\/sup>\u00a0NS-2\/60 jest techniczn\u0105 sol\u0105 sodow\u0105 karboksymetylocelulozy wytwarzan\u0105 w procesie eteryfikacji celulozy drzewnej za pomoc\u0105 kwasu monochlorooctowego lub jego soli sodowej<\/p><p>POLLOCEL<sup>\u00ae<\/sup>\u00a0NS-2\/60 pakowany jest w worki papierowe wielowarstwowe o wadze 20 kg.<\/p><p><strong>Uwaga<\/strong><strong>:\u00a0<\/strong><strong>mo\u017cemy dostosowa\u0107 lepko\u015b\u0107 produktu do szczeg\u00f3\u0142owych wymaga\u0144 klienta.<\/strong><\/p>\t\t\t\t\t\t<\/div>\n\t\t\t\t<\/div>\n\t\t\t\t<\/div>\n\t\t\t\t\t<\/div>\n\t\t\t\t<\/div>\n\t\t\t\t<\/div>\n\t\t","protected":false},"excerpt":{"rendered":"<p>Parametry proszek bia\u0142y do lekko kremowy Posta\u0107\/kolor 67,0 Zawarto\u015b\u0107 substancji czynnej w przeliczeniu na suchy produkt 0,5-0,7 Stopie\u0144 podstawienia 18,0% Zawarto\u015b\u0107 chlork\u00f3w 41-70 Lepko\u015b\u0107 2% roztworu wg H\u00f6pplera w 20\u00b0C (mPas) 6,5-8,5 pH 2% roztworu wodnego 0,4-0,6kg\/dm3 Ci\u0119\u017car nasypowy 8-10 Zawarto\u015b\u0107 wilgoci % (max) 1,0 Rozdrobnienie (mm) max tak Rozpuszczalno\u015b\u0107 w wodzie pobierz PDF Karta [&hellip;]<\/p>\n","protected":false},"author":1,"featured_media":0,"parent":0,"menu_order":0,"comment_status":"closed","ping_status":"closed","template":"","meta":{"footnotes":""},"class_list":["post-53","page","type-page","status-publish","hentry"],"_links":{"self":[{"href":"https:\/\/cmc.aseem.pl\/index.php?rest_route=\/wp\/v2\/pages\/53","targetHints":{"allow":["GET"]}}],"collection":[{"href":"https:\/\/cmc.aseem.pl\/index.php?rest_route=\/wp\/v2\/pages"}],"about":[{"href":"https:\/\/cmc.aseem.pl\/index.php?rest_route=\/wp\/v2\/types\/page"}],"author":[{"embeddable":true,"href":"https:\/\/cmc.aseem.pl\/index.php?rest_route=\/wp\/v2\/users\/1"}],"replies":[{"embeddable":true,"href":"https:\/\/cmc.aseem.pl\/index.php?rest_route=%2Fwp%2Fv2%2Fcomments&post=53"}],"version-history":[{"count":7,"href":"https:\/\/cmc.aseem.pl\/index.php?rest_route=\/wp\/v2\/pages\/53\/revisions"}],"predecessor-version":[{"id":227,"href":"https:\/\/cmc.aseem.pl\/index.php?rest_route=\/wp\/v2\/pages\/53\/revisions\/227"}],"wp:attachment":[{"href":"https:\/\/cmc.aseem.pl\/index.php?rest_route=%2Fwp%2Fv2%2Fmedia&parent=53"}],"curies":[{"name":"wp","href":"https:\/\/api.w.org\/{rel}","templated":true}]}}