{"id":47,"date":"2024-06-28T08:48:54","date_gmt":"2024-06-28T06:48:54","guid":{"rendered":"https:\/\/cmc.aseem.pl\/?page_id=47"},"modified":"2024-06-28T10:22:05","modified_gmt":"2024-06-28T08:22:05","slug":"pollocel-asm-150","status":"publish","type":"page","link":"https:\/\/cmc.aseem.pl\/?page_id=47","title":{"rendered":"POLLOCEL\u00ae ASM\/ 150"},"content":{"rendered":"\t\t<div data-elementor-type=\"wp-page\" data-elementor-id=\"47\" class=\"elementor elementor-47\">\n\t\t\t\t<div class=\"elementor-element elementor-element-2b2e016 e-flex e-con-boxed e-con e-parent\" data-id=\"2b2e016\" data-element_type=\"container\">\n\t\t\t\t\t<div class=\"e-con-inner\">\n\t\t<div class=\"elementor-element elementor-element-c46d434 e-con-full e-flex e-con e-child\" data-id=\"c46d434\" data-element_type=\"container\">\n\t\t\t\t<div class=\"elementor-element elementor-element-204663c elementor-widget elementor-widget-html\" data-id=\"204663c\" data-element_type=\"widget\" data-widget_type=\"html.default\">\n\t\t\t\t<div class=\"elementor-widget-container\">\n\t\t\t<div class=\"woocommerce-product-gallery woocommerce-product-gallery--without-images woocommerce-product-gallery--columns-4 images\" data-columns=\"4\" style=\"opacity: 1; transition: opacity 0.25s ease-in-out 0s;\">\r\n\t<div class=\"woocommerce-product-gallery__wrapper\">\r\n\t\t<div class=\"woocommerce-product-gallery__image--placeholder\"><img decoding=\"async\" src=\"https:\/\/cmc.luksoft.info\/wp-content\/uploads\/woocommerce-placeholder-600x600.png\" alt=\"Oczekiwanie na obrazek produktu\" class=\"wp-post-image\"><\/div><div class=\"product-post-content\"><div class=\"product-block product-params row\">\r\n            \t<h3 class=\"text-uppercase\">Parametry<\/h3>\r\n                                \t                \t<div class=\"col-md-12 col-sm-12 col-xs-12\"><div class=\"col-md-12 col-sm-12 col-xs-12\"><div class=\"col-md-4 col-sm-6 col-xs-6 product-param\">\r\n                    \t<div class=\"product-param-inner text-center\">\r\n                        \t                                                        <div class=\"param-value relative\">\r\n                            \t<h3 class=\"h4 color3 absolute-center-both\">\u015brednie w\u0142\u00f3kna\r\n<\/h3>\r\n                            <\/div><!--end param value-->\r\n                                                                                                                <h5 class=\"h5 color1\">Posta\u0107\/kolor\r\n<\/h5>\r\n                                                    <\/div><!--end product param inner-->\r\n                    <\/div><div class=\"col-md-4 col-sm-6 col-xs-6 product-param\">\r\n                    \t<div class=\"product-param-inner text-center\">\r\n                        \t                                                        <div class=\"param-value relative\">\r\n                            \t<h3 class=\"h4 color3 absolute-center-both\">39,5%\r\n<\/h3>\r\n                            <\/div><!--end param value-->\r\n                                                                                                                <h5 class=\"h5 color1\">Zawarto\u015b\u0107 wilgoci\r\n<\/h5>\r\n                                                    <\/div><!--end product param inner-->\r\n                    <\/div><div class=\"col-md-4 col-sm-6 col-xs-6 product-param\">\r\n                    \t<div class=\"product-param-inner text-center\">\r\n                        \t                                                        <div class=\"param-value relative\">\r\n                            \t<h3 class=\"h4 color3 absolute-center-both\">70,9\r\n<\/h3>\r\n                            <\/div><!--end param value-->\r\n                                                                                                                <h5 class=\"h5 color1\">Zawarto\u015b\u0107 substancji czynnej w przeliczeniu na suchy produkt\r\n<\/h5>\r\n                                                    <\/div><!--end product param inner-->\r\n                    <\/div><\/div><\/div><!--end product param-->\r\n                                \t                \t<!--end product param-->\r\n                                \t                \t<!--end product param-->\r\n                                \t                \t<div class=\"col-md-12 col-sm-12 col-xs-12\"><div class=\"col-md-12 col-sm-12 col-xs-12\"><div class=\"col-md-4 col-sm-6 col-xs-6 product-param\">\r\n                    \t<div class=\"product-param-inner text-center\">\r\n                        \t                                                        <div class=\"param-value relative\">\r\n                            \t<h3 class=\"h4 color3 absolute-center-both\">0,58\r\n<\/h3>\r\n                            <\/div><!--end param value-->\r\n                                                                                                                <h5 class=\"h5 color1\">Stopie\u0144 podstawienia\r\n<\/h5>\r\n                                                    <\/div><!--end product param inner-->\r\n                    <\/div><div class=\"col-md-4 col-sm-6 col-xs-6 product-param\">\r\n                    \t<div class=\"product-param-inner text-center\">\r\n                        \t                                                        <div class=\"param-value relative\">\r\n                            \t<h3 class=\"h4 color3 absolute-center-both\">17,2\r\n<\/h3>\r\n                            <\/div><!--end param value-->\r\n                                                                                                                <h5 class=\"h5 color1\">Zawarto\u015b\u0107 chlork\u00f3w\r\n<\/h5>\r\n                                                    <\/div><!--end product param inner-->\r\n                    <\/div><div class=\"col-md-4 col-sm-6 col-xs-6 product-param\">\r\n                    \t<div class=\"product-param-inner text-center\">\r\n                        \t                                                        <div class=\"param-value relative\">\r\n                            \t<h3 class=\"h4 color3 absolute-center-both\">140-160\r\n<\/h3>\r\n                            <\/div><!--end param value-->\r\n                                                                                                                <h5 class=\"h5 color1\">Lepko\u015b\u0107 2% roztworu wg H\u00f6pplera w 20\u00b0C (mPas)\r\n<\/h5>\r\n                                                    <\/div><!--end product param inner-->\r\n                    <\/div><\/div><\/div><!--end product param-->\r\n                                \t                \t<!--end product param-->\r\n                                \t                \t<!--end product param-->\r\n                                \t                \t<div class=\"col-md-12 col-sm-12 col-xs-12\"><div class=\"col-md-12 col-sm-12 col-xs-12\"><div class=\"col-md-4 col-sm-6 col-xs-6 product-param\">\r\n                    \t<div class=\"product-param-inner text-center\">\r\n                        \t                                                        <div class=\"param-value relative\">\r\n                            \t<h3 class=\"h4 color3 absolute-center-both\">\u2013\r\n<\/h3>\r\n                            <\/div><!--end param value-->\r\n                                                                                                                <h5 class=\"h5 color1\">Rozdrobnienie (mm) max\r\n<\/h5>\r\n                                                    <\/div><!--end product param inner-->\r\n                    <\/div><div class=\"col-md-4 col-sm-6 col-xs-6 product-param\">\r\n                    \t<div class=\"product-param-inner text-center\">\r\n                        \t                                                        <div class=\"param-value relative\">\r\n                            \t<h3 class=\"h4 color3 absolute-center-both\">11,2\r\n<\/h3>\r\n                            <\/div><!--end param value-->\r\n                                                                                                                <h5 class=\"h5 color1\">pH 2% roztworu wodnego\r\n<\/h5>\r\n                                                    <\/div><!--end product param inner-->\r\n                    <\/div><div class=\"col-md-4 col-sm-6 col-xs-6 product-param\">\r\n                    \t<div class=\"product-param-inner text-center\">\r\n                        \t                                                        <a href=\"https:\/\/www.cmcsa.pl\/wp-content\/uploads\/karta-charakt-CMC_ostateczna.pdf\" target=\"_blank\" rel=\"noopener\">\r\n                                                        <div class=\"param-value relative\">\r\n                            \t<h3 class=\"h4 color3 absolute-center-both\">Pobierz PDF\r\n<\/h3>\r\n                            <\/div><!--end param value-->\r\n                            <\/a>                                                                                    <h5 class=\"h5 color1\">Karta charakterystyki\r\n<\/h5>\r\n                                                    <\/div><!--end product param inner-->\r\n                    <\/div><\/div><\/div><!--end product param-->\r\n                                \t                \t<!--end product param-->\r\n                                \t                \t<!--end product param-->\r\n                                \t                \t<div class=\"col-md-12 col-sm-12 col-xs-12\"><div class=\"col-md-12 col-sm-12 col-xs-12\"><div class=\"col-md-4 col-sm-6 col-xs-6 product-param\">\r\n                    \t<div class=\"product-param-inner text-center\">\r\n                        \t                                                        <a href=\"https:\/\/www.cmcsa.pl\/wp-content\/uploads\/reach-wersja-polska.pdf\" target=\"_blank\" rel=\"noopener\">\r\n                                                        <div class=\"param-value relative\">\r\n                            \t<h3 class=\"h4 color3 absolute-center-both\">pobierz PDF\r\n<\/h3>\r\n                            <\/div><!--end param value-->\r\n                            <\/a>                                                                                    <h5 class=\"h5 color1\">certyfikat\r\n<\/h5>\r\n                                                    <\/div><!--end product param inner-->\r\n                    <\/div><\/div><\/div><!--end product param-->\r\n                                <\/div><\/div>\t<\/div>\r\n<\/div>\t\t<\/div>\n\t\t\t\t<\/div>\n\t\t\t\t<\/div>\n\t\t<div class=\"elementor-element elementor-element-03d791d e-con-full e-flex e-con e-child\" data-id=\"03d791d\" data-element_type=\"container\">\n\t\t\t\t<div class=\"elementor-element elementor-element-ea20404 elementor-widget elementor-widget-text-editor\" data-id=\"ea20404\" data-element_type=\"widget\" data-widget_type=\"text-editor.default\">\n\t\t\t\t<div class=\"elementor-widget-container\">\n\t\t\t<style>\/*! elementor - v3.22.0 - 26-06-2024 *\/\n.elementor-widget-text-editor.elementor-drop-cap-view-stacked .elementor-drop-cap{background-color:#69727d;color:#fff}.elementor-widget-text-editor.elementor-drop-cap-view-framed .elementor-drop-cap{color:#69727d;border:3px solid;background-color:transparent}.elementor-widget-text-editor:not(.elementor-drop-cap-view-default) .elementor-drop-cap{margin-top:8px}.elementor-widget-text-editor:not(.elementor-drop-cap-view-default) .elementor-drop-cap-letter{width:1em;height:1em}.elementor-widget-text-editor .elementor-drop-cap{float:left;text-align:center;line-height:1;font-size:50px}.elementor-widget-text-editor .elementor-drop-cap-letter{display:inline-block}<\/style>\t\t\t\t<p>POLLOCEL\u00ae ASM\/150<\/p>\t\t\t\t\t\t<\/div>\n\t\t\t\t<\/div>\n\t\t\t\t<div class=\"elementor-element elementor-element-7a13421 elementor-widget elementor-widget-text-editor\" data-id=\"7a13421\" data-element_type=\"widget\" data-widget_type=\"text-editor.default\">\n\t\t\t\t<div class=\"elementor-widget-container\">\n\t\t\t\t\t\t\t<div class=\"product-block product-description\"><p><strong>Pollocel<sup>\u00ae<\/sup>\u00a0ASM \/150<\/strong>\u00a0jest techniczn\u0105 sol\u0105 sodow\u0105 karboksymetylocelulozy wytwarzan\u0105 w procesie eteryfikacji celulozy drzewnej za pomoc\u0105 kwasu monochlorooctowego lub jego soli sodowej<\/p><p><strong><br \/><\/strong><strong>POLLOCEL<sup>\u00ae<\/sup>\u00a0ASM\/150 pakowany jest w worki papierowe wielowarstwowe z wk\u0142adem foliowym, o wadze 20 kg.<\/strong><\/p><p>\u00a0<\/p><\/div><div class=\"product-block product-usage\"><p>Pollocel<sup>\u00ae<\/sup>\u00a0ASM\/150 ze wzgl\u0119du na dobre w\u0142a\u015bciwo\u015bci koloidoochronne, zag\u0119szczaj\u0105ce, wi\u0105\u017c\u0105ce \u2013 stosowany jest przy wyrobach wymagaj\u0105cych szybkiego rozpuszczania i stosowania na mokro ze wzgl\u0119du na swoj\u0105\u00a0<b>wysok\u0105 wilgotno\u015b\u0107.<\/b><\/p><\/div>\t\t\t\t\t\t<\/div>\n\t\t\t\t<\/div>\n\t\t\t\t<\/div>\n\t\t\t\t\t<\/div>\n\t\t\t\t<\/div>\n\t\t\t\t<\/div>\n\t\t","protected":false},"excerpt":{"rendered":"<p>Parametry \u015brednie w\u0142\u00f3kna Posta\u0107\/kolor 39,5% Zawarto\u015b\u0107 wilgoci 70,9 Zawarto\u015b\u0107 substancji czynnej w przeliczeniu na suchy produkt 0,58 Stopie\u0144 podstawienia 17,2 Zawarto\u015b\u0107 chlork\u00f3w 140-160 Lepko\u015b\u0107 2% roztworu wg H\u00f6pplera w 20\u00b0C (mPas) \u2013 Rozdrobnienie (mm) max 11,2 pH 2% roztworu wodnego Pobierz PDF Karta charakterystyki pobierz PDF certyfikat POLLOCEL\u00ae ASM\/150 Pollocel\u00ae\u00a0ASM \/150\u00a0jest techniczn\u0105 sol\u0105 sodow\u0105 karboksymetylocelulozy [&hellip;]<\/p>\n","protected":false},"author":1,"featured_media":0,"parent":0,"menu_order":0,"comment_status":"closed","ping_status":"closed","template":"","meta":{"footnotes":""},"class_list":["post-47","page","type-page","status-publish","hentry"],"_links":{"self":[{"href":"https:\/\/cmc.aseem.pl\/index.php?rest_route=\/wp\/v2\/pages\/47","targetHints":{"allow":["GET"]}}],"collection":[{"href":"https:\/\/cmc.aseem.pl\/index.php?rest_route=\/wp\/v2\/pages"}],"about":[{"href":"https:\/\/cmc.aseem.pl\/index.php?rest_route=\/wp\/v2\/types\/page"}],"author":[{"embeddable":true,"href":"https:\/\/cmc.aseem.pl\/index.php?rest_route=\/wp\/v2\/users\/1"}],"replies":[{"embeddable":true,"href":"https:\/\/cmc.aseem.pl\/index.php?rest_route=%2Fwp%2Fv2%2Fcomments&post=47"}],"version-history":[{"count":7,"href":"https:\/\/cmc.aseem.pl\/index.php?rest_route=\/wp\/v2\/pages\/47\/revisions"}],"predecessor-version":[{"id":208,"href":"https:\/\/cmc.aseem.pl\/index.php?rest_route=\/wp\/v2\/pages\/47\/revisions\/208"}],"wp:attachment":[{"href":"https:\/\/cmc.aseem.pl\/index.php?rest_route=%2Fwp%2Fv2%2Fmedia&parent=47"}],"curies":[{"name":"wp","href":"https:\/\/api.w.org\/{rel}","templated":true}]}}