{"id":39,"date":"2024-06-28T08:47:41","date_gmt":"2024-06-28T06:47:41","guid":{"rendered":"https:\/\/cmc.aseem.pl\/?page_id=39"},"modified":"2024-06-28T10:15:57","modified_gmt":"2024-06-28T08:15:57","slug":"pollocel-as-2-10","status":"publish","type":"page","link":"https:\/\/cmc.aseem.pl\/?page_id=39","title":{"rendered":"POLLOCEL\u00ae AS-2\/10"},"content":{"rendered":"\t\t<div data-elementor-type=\"wp-page\" data-elementor-id=\"39\" class=\"elementor elementor-39\">\n\t\t\t\t<div class=\"elementor-element elementor-element-19b9d26 e-flex e-con-boxed e-con e-parent\" data-id=\"19b9d26\" data-element_type=\"container\">\n\t\t\t\t\t<div class=\"e-con-inner\">\n\t\t<div class=\"elementor-element elementor-element-12f9da1 e-con-full e-flex e-con e-child\" data-id=\"12f9da1\" data-element_type=\"container\">\n\t\t\t\t<div class=\"elementor-element elementor-element-ac9c13c elementor-widget elementor-widget-html\" data-id=\"ac9c13c\" data-element_type=\"widget\" data-widget_type=\"html.default\">\n\t\t\t\t<div class=\"elementor-widget-container\">\n\t\t\t<div class=\"woocommerce-product-gallery woocommerce-product-gallery--without-images woocommerce-product-gallery--columns-4 images\" data-columns=\"4\" style=\"opacity: 1; transition: opacity 0.25s ease-in-out 0s;\">\r\n\t<div class=\"woocommerce-product-gallery__wrapper\">\r\n\t\t<div class=\"woocommerce-product-gallery__image--placeholder\"><img decoding=\"async\" src=\"https:\/\/cmc.luksoft.info\/wp-content\/uploads\/woocommerce-placeholder-600x600.png\" alt=\"Oczekiwanie na obrazek produktu\" class=\"wp-post-image\"><\/div><div class=\"product-post-content\"><div class=\"product-block product-params row\">\r\n<h3 class=\"text-uppercase\">Parametry<\/h3>\r\n<div class=\"\">\r\n<div class=\"\">\r\n<div class=\"product-param\">\r\n<div class=\"product-param-inner text-center\">\r\n<div class=\"param-value relative\">\r\n<h3 class=\"h4 color3 absolute-center-both\">proszek bia\u0142y do lekko kremowy<\/h3>\r\n<\/div>\r\n<!--end param value-->\r\n<h5 class=\"h5 color1\">Posta\u0107\/kolor<\/h5>\r\n<\/div>\r\n<!--end product param inner-->\r\n\r\n<\/div>\r\n<div class=\"product-param\">\r\n<div class=\"product-param-inner text-center\">\r\n<div class=\"param-value relative\">\r\n<h3 class=\"h4 color3 absolute-center-both\">65,0-67,0<\/h3>\r\n<\/div>\r\n<!--end param value-->\r\n<h5 class=\"h5 color1\">Zawarto\u015b\u0107 substancji czynnej w przeliczeniu na suchy produkt<\/h5>\r\n<\/div>\r\n<!--end product param inner-->\r\n\r\n<\/div>\r\n<div class=\"product-param\">\r\n<div class=\"product-param-inner text-center\">\r\n<div class=\"param-value relative\">\r\n<h3 class=\"h4 color3 absolute-center-both\">0,5-0,7<\/h3>\r\n<\/div>\r\n<!--end param value-->\r\n<h5 class=\"h5 color1\">Stopie\u0144 podstawienia<\/h5>\r\n<\/div>\r\n<!--end product param inner-->\r\n\r\n<\/div>\r\n<\/div>\r\n<\/div>\r\n<!--end product param-->\r\n<!--end product param-->\r\n<!--end product param-->\r\n<div class=\"\">\r\n<div class=\"\">\r\n<div class=\"product-param\">\r\n<div class=\"product-param-inner text-center\">\r\n<div class=\"param-value relative\">\r\n<h3 class=\"h4 color3 absolute-center-both\">18,0%<\/h3>\r\n<\/div>\r\n<!--end param value-->\r\n<h5 class=\"h5 color1\">Zawarto\u015b\u0107 chlork\u00f3w<\/h5>\r\n<\/div>\r\n<!--end product param inner-->\r\n\r\n<\/div>\r\n<div class=\"product-param\">\r\n<div class=\"product-param-inner text-center\">\r\n<div class=\"param-value relative\">\r\n<h3 class=\"h4 color3 absolute-center-both\">3-20<\/h3>\r\n<\/div>\r\n<!--end param value-->\r\n<h5 class=\"h5 color1\">Lepko\u015b\u0107 2% roztworu wg H\u00f6pplera w 20\u00b0C (mPas)<\/h5>\r\n<\/div>\r\n<!--end product param inner-->\r\n\r\n<\/div>\r\n<div class=\"product-param\">\r\n<div class=\"product-param-inner text-center\">\r\n<div class=\"param-value relative\">\r\n<h3 class=\"h4 color3 absolute-center-both\">10,5-12,0<\/h3>\r\n<\/div>\r\n<!--end param value-->\r\n<h5 class=\"h5 color1\">pH 2% roztworu wodnego<\/h5>\r\n<\/div>\r\n<!--end product param inner-->\r\n\r\n<\/div>\r\n<\/div>\r\n<\/div>\r\n<!--end product param-->\r\n<!--end product param-->\r\n<!--end product param-->\r\n<div class=\"\">\r\n<div class=\"\">\r\n<div class=\"product-param\">\r\n<div class=\"product-param-inner text-center\">\r\n<div class=\"param-value relative\">\r\n<h3 class=\"h4 color3 absolute-center-both\">0,4-0,6kg\/dm3<\/h3>\r\n<\/div>\r\n<!--end param value-->\r\n<h5 class=\"h5 color1\">Ci\u0119\u017car nasypowy<\/h5>\r\n<\/div>\r\n<!--end product param inner-->\r\n\r\n<\/div>\r\n<div class=\"product-param\">\r\n<div class=\"product-param-inner text-center\">\r\n<div class=\"param-value relative\">\r\n<h3 class=\"h4 color3 absolute-center-both\">8-10<\/h3>\r\n<\/div>\r\n<!--end param value-->\r\n<h5 class=\"h5 color1\">Zawarto\u015b\u0107 wilgoci % (max)<\/h5>\r\n<\/div>\r\n<!--end product param inner-->\r\n\r\n<\/div>\r\n<div class=\"product-param\">\r\n<div class=\"product-param-inner text-center\">\r\n<div class=\"param-value relative\">\r\n<h3 class=\"h4 color3 absolute-center-both\">1,0<\/h3>\r\n<\/div>\r\n<!--end param value-->\r\n<h5 class=\"h5 color1\">Rozdrobnienie (mm) max<\/h5>\r\n<\/div>\r\n<!--end product param inner-->\r\n\r\n<\/div>\r\n<\/div>\r\n<\/div>\r\n<!--end product param-->\r\n<!--end product param-->\r\n<!--end product param-->\r\n<div class=\"\">\r\n<div class=\"\">\r\n<div class=\"product-param\">\r\n<div class=\"product-param-inner text-center\">\r\n<div class=\"param-value relative\">\r\n<h3 class=\"h4 color3 absolute-center-both\">tak<\/h3>\r\n<\/div>\r\n<!--end param value-->\r\n<h5 class=\"h5 color1\">Rozpuszczalno\u015b\u0107 w wodzie<\/h5>\r\n<\/div>\r\n<!--end product param inner-->\r\n\r\n<\/div>\r\n<div class=\"product-param\">\r\n<div class=\"product-param-inner text-center\">\r\n<div class=\"param-value relative\">\r\n<h3 class=\"h4 color3 absolute-center-both\">pobierz PDF<\/h3>\r\n<\/div>\r\n<!--end param value-->\r\n<h5 class=\"h5 color1\">Karta charakterystyki<\/h5>\r\n<\/div>\r\n<!--end product param inner-->\r\n\r\n<\/div>\r\n<div class=\"product-param\">\r\n<div class=\"product-param-inner text-center\">\r\n<div class=\"param-value relative\">\r\n<h3 class=\"h4 color3 absolute-center-both\">pobierz PDF<\/h3>\r\n<\/div>\r\n<!--end param value-->\r\n<h5 class=\"h5 color1\">Certyfikat<\/h5>\r\n<\/div>\r\n<!--end product param inner-->\r\n\r\n<\/div>\r\n<\/div>\r\n<\/div>\r\n<!--end product param-->\r\n<!--end product param-->\r\n<!--end product param-->\r\n\r\n<\/div><\/div>\t<\/div>\r\n<\/div>\t\t<\/div>\n\t\t\t\t<\/div>\n\t\t\t\t<\/div>\n\t\t<div class=\"elementor-element elementor-element-5cc7c2a e-con-full e-flex e-con e-child\" data-id=\"5cc7c2a\" data-element_type=\"container\">\n\t\t\t\t<div class=\"elementor-element elementor-element-adc0307 elementor-widget elementor-widget-text-editor\" data-id=\"adc0307\" data-element_type=\"widget\" data-widget_type=\"text-editor.default\">\n\t\t\t\t<div class=\"elementor-widget-container\">\n\t\t\t<style>\/*! elementor - v3.22.0 - 26-06-2024 *\/\n.elementor-widget-text-editor.elementor-drop-cap-view-stacked .elementor-drop-cap{background-color:#69727d;color:#fff}.elementor-widget-text-editor.elementor-drop-cap-view-framed .elementor-drop-cap{color:#69727d;border:3px solid;background-color:transparent}.elementor-widget-text-editor:not(.elementor-drop-cap-view-default) .elementor-drop-cap{margin-top:8px}.elementor-widget-text-editor:not(.elementor-drop-cap-view-default) .elementor-drop-cap-letter{width:1em;height:1em}.elementor-widget-text-editor .elementor-drop-cap{float:left;text-align:center;line-height:1;font-size:50px}.elementor-widget-text-editor .elementor-drop-cap-letter{display:inline-block}<\/style>\t\t\t\t<div class=\"woocommerce-product-details__short-description\"><div class=\"product-block product-description\"><p>POLLOCEL\u00ae AS-2\/10<\/p><\/div><\/div>\t\t\t\t\t\t<\/div>\n\t\t\t\t<\/div>\n\t\t\t\t<div class=\"elementor-element elementor-element-1aed6a8 elementor-widget elementor-widget-text-editor\" data-id=\"1aed6a8\" data-element_type=\"widget\" data-widget_type=\"text-editor.default\">\n\t\t\t\t<div class=\"elementor-widget-container\">\n\t\t\t\t\t\t\t<h1 class=\"product_title entry-title\">POLLOCEL\u00ae AS-2\/10<\/h1><div class=\"woocommerce-product-details__short-description\"><div class=\"product-block product-description\"><p>Pollocel<sup>\u00ae<\/sup>\u00a0AS-2\/10 jest techniczn\u0105 sol\u0105 sodow\u0105 karboksymetylocelulozy wytwarzan\u0105 w procesie eteryfikacji celulozy drzewnej za pomoc\u0105 kwasu monochlorooctowego lub jego soli sodowej<br \/>POLLOCEL<sup>\u00ae<\/sup>\u00a0AS-2\/10 pakowany jest w worki papierowe wielowarstwowe o wadze 20 kg.<\/p><p><strong>Uwaga<\/strong><strong>:\u00a0<\/strong><strong>mo\u017cemy dostosowa\u0107 lepko\u015b\u0107 produktu do szczeg\u00f3\u0142owych wymaga\u0144 klienta.<\/strong><\/p><\/div><div class=\"product-block product-usage\"><p>Pollocel<sup>\u00ae<\/sup>\u00a0AS-2\/10 ze wzgl\u0119du na dobre w\u0142a\u015bciwo\u015bci koloidoochronne, zag\u0119szczaj\u0105ce, wi\u0105\u017c\u0105ce i b\u0142onotw\u00f3rcze stosowany jest przy wyrobach chemii gospodarczej.<\/p><\/div><\/div>\t\t\t\t\t\t<\/div>\n\t\t\t\t<\/div>\n\t\t\t\t<\/div>\n\t\t\t\t\t<\/div>\n\t\t\t\t<\/div>\n\t\t\t\t<\/div>\n\t\t","protected":false},"excerpt":{"rendered":"<p>Parametry proszek bia\u0142y do lekko kremowy Posta\u0107\/kolor 65,0-67,0 Zawarto\u015b\u0107 substancji czynnej w przeliczeniu na suchy produkt 0,5-0,7 Stopie\u0144 podstawienia 18,0% Zawarto\u015b\u0107 chlork\u00f3w 3-20 Lepko\u015b\u0107 2% roztworu wg H\u00f6pplera w 20\u00b0C (mPas) 10,5-12,0 pH 2% roztworu wodnego 0,4-0,6kg\/dm3 Ci\u0119\u017car nasypowy 8-10 Zawarto\u015b\u0107 wilgoci % (max) 1,0 Rozdrobnienie (mm) max tak Rozpuszczalno\u015b\u0107 w wodzie pobierz PDF Karta [&hellip;]<\/p>\n","protected":false},"author":1,"featured_media":0,"parent":0,"menu_order":0,"comment_status":"closed","ping_status":"closed","template":"","meta":{"footnotes":""},"class_list":["post-39","page","type-page","status-publish","hentry"],"_links":{"self":[{"href":"https:\/\/cmc.aseem.pl\/index.php?rest_route=\/wp\/v2\/pages\/39","targetHints":{"allow":["GET"]}}],"collection":[{"href":"https:\/\/cmc.aseem.pl\/index.php?rest_route=\/wp\/v2\/pages"}],"about":[{"href":"https:\/\/cmc.aseem.pl\/index.php?rest_route=\/wp\/v2\/types\/page"}],"author":[{"embeddable":true,"href":"https:\/\/cmc.aseem.pl\/index.php?rest_route=\/wp\/v2\/users\/1"}],"replies":[{"embeddable":true,"href":"https:\/\/cmc.aseem.pl\/index.php?rest_route=%2Fwp%2Fv2%2Fcomments&post=39"}],"version-history":[{"count":19,"href":"https:\/\/cmc.aseem.pl\/index.php?rest_route=\/wp\/v2\/pages\/39\/revisions"}],"predecessor-version":[{"id":198,"href":"https:\/\/cmc.aseem.pl\/index.php?rest_route=\/wp\/v2\/pages\/39\/revisions\/198"}],"wp:attachment":[{"href":"https:\/\/cmc.aseem.pl\/index.php?rest_route=%2Fwp%2Fv2%2Fmedia&parent=39"}],"curies":[{"name":"wp","href":"https:\/\/api.w.org\/{rel}","templated":true}]}}