{"id":30,"date":"2024-06-28T08:44:31","date_gmt":"2024-06-28T06:44:31","guid":{"rendered":"https:\/\/cmc.aseem.pl\/?page_id=30"},"modified":"2024-06-28T10:46:25","modified_gmt":"2024-06-28T08:46:25","slug":"fundusze-europejskie","status":"publish","type":"page","link":"https:\/\/cmc.aseem.pl\/?page_id=30","title":{"rendered":"FUNDUSZE EUROPEJSKIE"},"content":{"rendered":"\t\t<div data-elementor-type=\"wp-page\" data-elementor-id=\"30\" class=\"elementor elementor-30\">\n\t\t\t\t<div class=\"elementor-element elementor-element-5edb640 e-flex e-con-boxed e-con e-parent\" data-id=\"5edb640\" data-element_type=\"container\">\n\t\t\t\t\t<div class=\"e-con-inner\">\n\t\t\t\t<div class=\"elementor-element elementor-element-96d9663 elementor-widget elementor-widget-image\" data-id=\"96d9663\" data-element_type=\"widget\" data-widget_type=\"image.default\">\n\t\t\t\t<div class=\"elementor-widget-container\">\n\t\t\t<style>\/*! elementor - v3.22.0 - 26-06-2024 *\/\n.elementor-widget-image{text-align:center}.elementor-widget-image a{display:inline-block}.elementor-widget-image a img[src$=\".svg\"]{width:48px}.elementor-widget-image img{vertical-align:middle;display:inline-block}<\/style>\t\t\t\t\t\t\t\t\t\t<img fetchpriority=\"high\" decoding=\"async\" width=\"800\" height=\"76\" src=\"https:\/\/cmc.aseem.pl\/wp-content\/uploads\/2024\/06\/banner-4-1024x97.png\" class=\"attachment-large size-large wp-image-253\" alt=\"\" srcset=\"https:\/\/cmc.aseem.pl\/wp-content\/uploads\/2024\/06\/banner-4-1024x97.png 1024w, https:\/\/cmc.aseem.pl\/wp-content\/uploads\/2024\/06\/banner-4-300x28.png 300w, https:\/\/cmc.aseem.pl\/wp-content\/uploads\/2024\/06\/banner-4-768x73.png 768w, https:\/\/cmc.aseem.pl\/wp-content\/uploads\/2024\/06\/banner-4.png 1396w\" sizes=\"(max-width: 800px) 100vw, 800px\" \/>\t\t\t\t\t\t\t\t\t\t\t\t\t<\/div>\n\t\t\t\t<\/div>\n\t\t\t\t<div class=\"elementor-element elementor-element-4b98d0a elementor-widget elementor-widget-text-editor\" data-id=\"4b98d0a\" data-element_type=\"widget\" data-widget_type=\"text-editor.default\">\n\t\t\t\t<div class=\"elementor-widget-container\">\n\t\t\t<style>\/*! elementor - v3.22.0 - 26-06-2024 *\/\n.elementor-widget-text-editor.elementor-drop-cap-view-stacked .elementor-drop-cap{background-color:#69727d;color:#fff}.elementor-widget-text-editor.elementor-drop-cap-view-framed .elementor-drop-cap{color:#69727d;border:3px solid;background-color:transparent}.elementor-widget-text-editor:not(.elementor-drop-cap-view-default) .elementor-drop-cap{margin-top:8px}.elementor-widget-text-editor:not(.elementor-drop-cap-view-default) .elementor-drop-cap-letter{width:1em;height:1em}.elementor-widget-text-editor .elementor-drop-cap{float:left;text-align:center;line-height:1;font-size:50px}.elementor-widget-text-editor .elementor-drop-cap-letter{display:inline-block}<\/style>\t\t\t\t<main id=\"content\" class=\"site-main post-37 page type-page status-publish hentry\"><div class=\"page-content\"><p>CMC Sp\u00f3\u0142ka Akcyjna w dniu 21 sierpnia 2018r. podpisa\u0142a z Wojew\u00f3dztwem Mazowieckim reprezentowanym przez Zarz\u0105d Wojew\u00f3dztwa Mazowieckiego, w imieniu kt\u00f3rego dzia\u0142a Mazowiecka Jednostka Wdra\u017cania Program\u00f3w UnijnychUmow\u0119 nr RPMA.01.02.00-14-9513\/17-00 o dofinansowanie Projektu \u201eOpracowanie innowacyjnej technologii produkcji karboksymetylocelulozy\u201d wsp\u00f3\u0142finansowanego z Europejskiego Funduszu Rozwoju Regionalnego w ramach Osi Priorytetowej I \u201eWykorzystanie dzia\u0142alno\u015bci badawczo-rozwojowej w gospodarce\u201d Dzia\u0142ania 1.2 \u201eDzia\u0142alno\u015b\u0107 badawczo-rozwojowa przedsi\u0119biorstw\u201d Regionalnego Programu Operacyjnego Wojew\u00f3dztwa Mazowieckiego na lata 2014 \u2013 2020.<\/p><p>G\u0142\u00f3wnym celem projektu jest opracowanie innowacyjnej technologii produkcji karboksymetylocelulozy (cmc) technicznej i oczyszczonej oraz stworzenie prototypu \u201eserca\u201d instalacji technologicznej, czyli g\u0142\u00f3wnego, dedykowanego opracowanej technologii, innowacyjnego reaktora. Cel g\u0142\u00f3wny projektu b\u0119dzie realizowany poprzez nast\u0119puj\u0105ce cele szczeg\u00f3\u0142owe:<\/p><p>1. Opracowanie metody syntezy technicznej cmc (czysto\u015b\u0107 ok. 60%) w warunkach laboratoryjnych;<\/p><p>2. Opracowanie technologii oczyszczana cmc (czysto\u015b\u0107 98%);<\/p><p>3. Opracowanie prototypu reaktora g\u0142\u00f3wnego;<\/p><p>4. Optymalizacja opracowanej technologii.<\/p><p>Rezultatem projektu b\u0119dzie:<\/p><p>\u2013 innowacyjna technologia produkcji karboksymetylocelulozy (cmc)<\/p><p>\u2013 technologia oczyszczania karboksymetylocelulozy technicznej<\/p><p>\u2013 prototyp reaktora dedykowanego opracowanej technologii produkcji karboksymetylocelulozy.<\/p><p>Nie jest planowane udzielenie licencji, rezultaty projektu zostan\u0105 wdro\u017cone w dzia\u0142alno\u015bci gospodarczej wnioskodawcy. Rezultatem projektu b\u0119dzie innowacja procesowa, w wyniku kt\u00f3rej mo\u017cliwe b\u0119dzie opracowanie linii technologicznej otrzymywania dw\u00f3ch rodzaj\u00f3w produkt\u00f3w: cmc technicznej oraz cmc oczyszczonej<\/p><p>Ca\u0142kowita warto\u015b\u0107 Projektu wynosi\u00a0<strong>2\u00a0563\u00a0405,59 PLN<\/strong><\/p><p>Warto\u015b\u0107 dofinansowania (wk\u0142ad UE) wynosi\u00a0<strong>1\u00a0419\u00a0660,35 PLN<\/strong><\/p><div class=\"post-tags\">\u00a0<\/div><\/div><\/main><footer id=\"colophon\" role=\"contentinfo\"><div class=\"footer-width-fixer\"><div class=\"elementor elementor-9\" data-elementor-type=\"wp-post\" data-elementor-id=\"9\"><div class=\"elementor-element elementor-element-d589b09 e-flex e-con-boxed e-con e-parent e-lazyloaded\" data-id=\"d589b09\" data-element_type=\"container\"><div class=\"e-con-inner\"><div class=\"elementor-element elementor-element-470de64 elementor-widget-divider--view-line elementor-widget elementor-widget-divider\" data-id=\"470de64\" data-element_type=\"widget\" data-widget_type=\"divider.default\"><div class=\"elementor-widget-container\"><div class=\"elementor-divider\">\u00a0<\/div><\/div><\/div><\/div><\/div><\/div><\/div><\/footer>\t\t\t\t\t\t<\/div>\n\t\t\t\t<\/div>\n\t\t\t\t\t<\/div>\n\t\t\t\t<\/div>\n\t\t<div class=\"elementor-element elementor-element-b4ce458 e-flex e-con-boxed e-con e-parent\" data-id=\"b4ce458\" data-element_type=\"container\">\n\t\t\t\t\t<div class=\"e-con-inner\">\n\t\t\t\t\t<\/div>\n\t\t\t\t<\/div>\n\t\t\t\t<\/div>\n\t\t","protected":false},"excerpt":{"rendered":"<p>CMC Sp\u00f3\u0142ka Akcyjna w dniu 21 sierpnia 2018r. podpisa\u0142a z Wojew\u00f3dztwem Mazowieckim reprezentowanym przez Zarz\u0105d Wojew\u00f3dztwa Mazowieckiego, w imieniu kt\u00f3rego dzia\u0142a Mazowiecka Jednostka Wdra\u017cania Program\u00f3w UnijnychUmow\u0119 nr RPMA.01.02.00-14-9513\/17-00 o dofinansowanie Projektu \u201eOpracowanie innowacyjnej technologii produkcji karboksymetylocelulozy\u201d wsp\u00f3\u0142finansowanego z Europejskiego Funduszu Rozwoju Regionalnego w ramach Osi Priorytetowej I \u201eWykorzystanie dzia\u0142alno\u015bci badawczo-rozwojowej w gospodarce\u201d Dzia\u0142ania 1.2 \u201eDzia\u0142alno\u015b\u0107 [&hellip;]<\/p>\n","protected":false},"author":1,"featured_media":0,"parent":0,"menu_order":0,"comment_status":"closed","ping_status":"closed","template":"","meta":{"footnotes":""},"class_list":["post-30","page","type-page","status-publish","hentry"],"_links":{"self":[{"href":"https:\/\/cmc.aseem.pl\/index.php?rest_route=\/wp\/v2\/pages\/30","targetHints":{"allow":["GET"]}}],"collection":[{"href":"https:\/\/cmc.aseem.pl\/index.php?rest_route=\/wp\/v2\/pages"}],"about":[{"href":"https:\/\/cmc.aseem.pl\/index.php?rest_route=\/wp\/v2\/types\/page"}],"author":[{"embeddable":true,"href":"https:\/\/cmc.aseem.pl\/index.php?rest_route=\/wp\/v2\/users\/1"}],"replies":[{"embeddable":true,"href":"https:\/\/cmc.aseem.pl\/index.php?rest_route=%2Fwp%2Fv2%2Fcomments&post=30"}],"version-history":[{"count":8,"href":"https:\/\/cmc.aseem.pl\/index.php?rest_route=\/wp\/v2\/pages\/30\/revisions"}],"predecessor-version":[{"id":256,"href":"https:\/\/cmc.aseem.pl\/index.php?rest_route=\/wp\/v2\/pages\/30\/revisions\/256"}],"wp:attachment":[{"href":"https:\/\/cmc.aseem.pl\/index.php?rest_route=%2Fwp%2Fv2%2Fmedia&parent=30"}],"curies":[{"name":"wp","href":"https:\/\/api.w.org\/{rel}","templated":true}]}}