{"id":22,"date":"2024-06-28T08:43:23","date_gmt":"2024-06-28T06:43:23","guid":{"rendered":"https:\/\/cmc.aseem.pl\/?page_id=22"},"modified":"2024-06-28T12:46:20","modified_gmt":"2024-06-28T10:46:20","slug":"o-nas","status":"publish","type":"page","link":"https:\/\/cmc.aseem.pl\/?page_id=22","title":{"rendered":"O NAS"},"content":{"rendered":"\t\t<div data-elementor-type=\"wp-page\" data-elementor-id=\"22\" class=\"elementor elementor-22\">\n\t\t\t\t<div class=\"elementor-element elementor-element-84ded41 e-flex e-con-boxed e-con e-parent\" data-id=\"84ded41\" data-element_type=\"container\">\n\t\t\t\t\t<div class=\"e-con-inner\">\n\t\t\t\t<div class=\"elementor-element elementor-element-dfe892d elementor-widget elementor-widget-text-editor\" data-id=\"dfe892d\" data-element_type=\"widget\" data-widget_type=\"text-editor.default\">\n\t\t\t\t<div class=\"elementor-widget-container\">\n\t\t\t<style>\/*! elementor - v3.22.0 - 26-06-2024 *\/\n.elementor-widget-text-editor.elementor-drop-cap-view-stacked .elementor-drop-cap{background-color:#69727d;color:#fff}.elementor-widget-text-editor.elementor-drop-cap-view-framed .elementor-drop-cap{color:#69727d;border:3px solid;background-color:transparent}.elementor-widget-text-editor:not(.elementor-drop-cap-view-default) .elementor-drop-cap{margin-top:8px}.elementor-widget-text-editor:not(.elementor-drop-cap-view-default) .elementor-drop-cap-letter{width:1em;height:1em}.elementor-widget-text-editor .elementor-drop-cap{float:left;text-align:center;line-height:1;font-size:50px}.elementor-widget-text-editor .elementor-drop-cap-letter{display:inline-block}<\/style>\t\t\t\t<h4>O Firmie<\/h4><p>W Pionkach w latach 20 tych ubieg\u0142ego wieku w ramach Centralnego Okr\u0119gu Przemys\u0142owego powsta\u0142 zak\u0142ad produkuj\u0105cy proch i nitroceluloz\u0119. Otrzyma\u0142 nazw\u0119 \u201ePronit\u201d.<\/p><p>W latach 70 zesz\u0142ego wieku Zak\u0142ady Chemiczne \u201ePronit \u201d \u2013 uruchomi\u0142y nowy wydzia\u0142, kt\u00f3ry rozpocz\u0105\u0142 produkcj\u0119 karboksymetylocelulozy technicznej o nazwie handlowej GLIKOCEL.<\/p><p>W latach 90. wydzia\u0142 ten zosta\u0142 sprywatyzowany ze 100% udzia\u0142em Skarbu Pa\u0144stwa i zmieni\u0142 nazw\u0119 na \u201ePRONICEL\u201d, a jego produkty zmieni\u0142y nazw\u0119 handlow\u0105 odpowiednio na \u201e<b>POLLOCEL<sup>\u00ae<\/sup><\/b>\u201d i \u201e<b>POLOFIX<sup>\u00ae<\/sup><\/b><b>\u201d<\/b>.<\/p><p>Sp\u00f3\u0142ka\u00a0<b>CMC SA<\/b>\u00a0jest kontynuatorem tradycji i produkcji soli sodowej karboksymetylocelulozy.<\/p><p>Nasze produkty znalaz\u0142y zastosowanie jako koloid ochronny, \u015brodek zag\u0119szczaj\u0105cy, stabilizator emulsji i zawiesin, \u015brodek wi\u0105\u017c\u0105cy i klej\u0105cy oraz jako \u015brodek b\u0142onotw\u00f3rczy.<\/p><p>Aktualnie Sp\u00f3\u0142ka<strong>\u00a0CMC S.A<\/strong>. realizuje perspektywiczny program rozwoju, kt\u00f3rego celem jest uruchomienie nowych technologii i produkt\u00f3w.<\/p><ul><li><strong>TRADYCJA<\/strong><\/li><li><strong>NOWOCZESNO\u015a\u0106<\/strong><\/li><li><strong>INNOWACJE<\/strong><\/li><\/ul><ul><li><strong>Dostosowanie do potrzeb Klienta \u2013\u00a0<\/strong><strong>nasze produkty potrafimy idealnie dopasowa\u0107 do wymaga\u0144 Klienta, w zakresie lepko\u015bci.<\/strong><\/li><li><strong>Rzetelno\u015b\u0107 \u2013 stosujemy nowoczesne metody organizacji pracy, mamy dedykowany Panel Klienta i internetowy system zam\u00f3wie\u0144.<\/strong><\/li><li><strong>Wysokie standardy \u2013 jeste\u015bmy jedynym producentem CMC na terenie Europy Centralnej i Wschodniej.<\/strong><\/li><li><strong>Wiedza i do\u015bwiadczenie \u2013 kontynuujemy produkcj\u0119 karboksymetylocelulozy od lat 70 ubieg\u0142ego wieku .<\/strong><\/li><\/ul>\t\t\t\t\t\t<\/div>\n\t\t\t\t<\/div>\n\t\t\t\t\t<\/div>\n\t\t\t\t<\/div>\n\t\t\t\t<\/div>\n\t\t","protected":false},"excerpt":{"rendered":"<p>O Firmie W Pionkach w latach 20 tych ubieg\u0142ego wieku w ramach Centralnego Okr\u0119gu Przemys\u0142owego powsta\u0142 zak\u0142ad produkuj\u0105cy proch i nitroceluloz\u0119. Otrzyma\u0142 nazw\u0119 \u201ePronit\u201d. W latach 70 zesz\u0142ego wieku Zak\u0142ady Chemiczne \u201ePronit \u201d \u2013 uruchomi\u0142y nowy wydzia\u0142, kt\u00f3ry rozpocz\u0105\u0142 produkcj\u0119 karboksymetylocelulozy technicznej o nazwie handlowej GLIKOCEL. W latach 90. wydzia\u0142 ten zosta\u0142 sprywatyzowany ze 100% [&hellip;]<\/p>\n","protected":false},"author":1,"featured_media":0,"parent":0,"menu_order":0,"comment_status":"closed","ping_status":"closed","template":"","meta":{"footnotes":""},"class_list":["post-22","page","type-page","status-publish","hentry"],"_links":{"self":[{"href":"https:\/\/cmc.aseem.pl\/index.php?rest_route=\/wp\/v2\/pages\/22","targetHints":{"allow":["GET"]}}],"collection":[{"href":"https:\/\/cmc.aseem.pl\/index.php?rest_route=\/wp\/v2\/pages"}],"about":[{"href":"https:\/\/cmc.aseem.pl\/index.php?rest_route=\/wp\/v2\/types\/page"}],"author":[{"embeddable":true,"href":"https:\/\/cmc.aseem.pl\/index.php?rest_route=\/wp\/v2\/users\/1"}],"replies":[{"embeddable":true,"href":"https:\/\/cmc.aseem.pl\/index.php?rest_route=%2Fwp%2Fv2%2Fcomments&post=22"}],"version-history":[{"count":5,"href":"https:\/\/cmc.aseem.pl\/index.php?rest_route=\/wp\/v2\/pages\/22\/revisions"}],"predecessor-version":[{"id":445,"href":"https:\/\/cmc.aseem.pl\/index.php?rest_route=\/wp\/v2\/pages\/22\/revisions\/445"}],"wp:attachment":[{"href":"https:\/\/cmc.aseem.pl\/index.php?rest_route=%2Fwp%2Fv2%2Fmedia&parent=22"}],"curies":[{"name":"wp","href":"https:\/\/api.w.org\/{rel}","templated":true}]}}