{"id":17,"date":"2024-06-28T08:36:13","date_gmt":"2024-06-28T06:36:13","guid":{"rendered":"https:\/\/cmc.aseem.pl\/?page_id=17"},"modified":"2024-06-28T12:36:07","modified_gmt":"2024-06-28T10:36:07","slug":"strona-glowna","status":"publish","type":"page","link":"https:\/\/cmc.aseem.pl\/","title":{"rendered":"Strona g\u0142\u00f3wna"},"content":{"rendered":"\t\t<div data-elementor-type=\"wp-page\" data-elementor-id=\"17\" class=\"elementor elementor-17\">\n\t\t\t\t<div class=\"elementor-element elementor-element-634fa88 e-flex e-con-boxed e-con e-parent\" data-id=\"634fa88\" data-element_type=\"container\">\n\t\t\t\t\t<div class=\"e-con-inner\">\n\t\t\t\t<div class=\"elementor-element elementor-element-71fb440 elementor-widget elementor-widget-heading\" data-id=\"71fb440\" data-element_type=\"widget\" data-widget_type=\"heading.default\">\n\t\t\t\t<div class=\"elementor-widget-container\">\n\t\t\t<style>\/*! elementor - v3.22.0 - 26-06-2024 *\/\n.elementor-heading-title{padding:0;margin:0;line-height:1}.elementor-widget-heading .elementor-heading-title[class*=elementor-size-]>a{color:inherit;font-size:inherit;line-height:inherit}.elementor-widget-heading .elementor-heading-title.elementor-size-small{font-size:15px}.elementor-widget-heading .elementor-heading-title.elementor-size-medium{font-size:19px}.elementor-widget-heading .elementor-heading-title.elementor-size-large{font-size:29px}.elementor-widget-heading .elementor-heading-title.elementor-size-xl{font-size:39px}.elementor-widget-heading .elementor-heading-title.elementor-size-xxl{font-size:59px}<\/style><h2 class=\"elementor-heading-title elementor-size-default\">Nowe technologie\nSprawdzone receptury<\/h2>\t\t<\/div>\n\t\t\t\t<\/div>\n\t\t\t\t<div class=\"elementor-element elementor-element-80dafe4 elementor-widget elementor-widget-image\" data-id=\"80dafe4\" data-element_type=\"widget\" data-widget_type=\"image.default\">\n\t\t\t\t<div class=\"elementor-widget-container\">\n\t\t\t<style>\/*! elementor - v3.22.0 - 26-06-2024 *\/\n.elementor-widget-image{text-align:center}.elementor-widget-image a{display:inline-block}.elementor-widget-image a img[src$=\".svg\"]{width:48px}.elementor-widget-image img{vertical-align:middle;display:inline-block}<\/style>\t\t\t\t\t\t\t\t\t\t<img fetchpriority=\"high\" decoding=\"async\" width=\"1920\" height=\"449\" src=\"https:\/\/cmc.aseem.pl\/wp-content\/uploads\/2024\/06\/slide2-1920x449-1.jpg\" class=\"attachment-full size-full wp-image-275\" alt=\"\" srcset=\"https:\/\/cmc.aseem.pl\/wp-content\/uploads\/2024\/06\/slide2-1920x449-1.jpg 1920w, https:\/\/cmc.aseem.pl\/wp-content\/uploads\/2024\/06\/slide2-1920x449-1-300x70.jpg 300w, https:\/\/cmc.aseem.pl\/wp-content\/uploads\/2024\/06\/slide2-1920x449-1-1024x239.jpg 1024w, https:\/\/cmc.aseem.pl\/wp-content\/uploads\/2024\/06\/slide2-1920x449-1-768x180.jpg 768w, https:\/\/cmc.aseem.pl\/wp-content\/uploads\/2024\/06\/slide2-1920x449-1-1536x359.jpg 1536w\" sizes=\"(max-width: 1920px) 100vw, 1920px\" \/>\t\t\t\t\t\t\t\t\t\t\t\t\t<\/div>\n\t\t\t\t<\/div>\n\t\t\t\t<div class=\"elementor-element elementor-element-3988746 elementor-widget elementor-widget-text-editor\" data-id=\"3988746\" data-element_type=\"widget\" data-widget_type=\"text-editor.default\">\n\t\t\t\t<div class=\"elementor-widget-container\">\n\t\t\t<style>\/*! elementor - v3.22.0 - 26-06-2024 *\/\n.elementor-widget-text-editor.elementor-drop-cap-view-stacked .elementor-drop-cap{background-color:#69727d;color:#fff}.elementor-widget-text-editor.elementor-drop-cap-view-framed .elementor-drop-cap{color:#69727d;border:3px solid;background-color:transparent}.elementor-widget-text-editor:not(.elementor-drop-cap-view-default) .elementor-drop-cap{margin-top:8px}.elementor-widget-text-editor:not(.elementor-drop-cap-view-default) .elementor-drop-cap-letter{width:1em;height:1em}.elementor-widget-text-editor .elementor-drop-cap{float:left;text-align:center;line-height:1;font-size:50px}.elementor-widget-text-editor .elementor-drop-cap-letter{display:inline-block}<\/style>\t\t\t\t<h1>Producent soli sodowej karboksymetylocelulozy<\/h1><p>CMC.S.A. to\u00a0<strong>producent soli sodowej karboksymetylocelulozy.<\/strong>\u00a0Zajmujemy si\u0119 produkcj\u0105 i wdra\u017caniem chemicznych wyrob\u00f3w specjalistycznych dla r\u00f3\u017cnych ga\u0142\u0119zi przemys\u0142u. W oparciu o wiedz\u0119 i do\u015bwiadczenie technolog\u00f3w, wsparte pr\u00f3bami laboratoryjnymi, tworzymy\u00a0<strong>wysokiej jako\u015bci mieszanki chemiczne<\/strong>, kt\u00f3rych stosowanie wspomaga rozw\u00f3j technologii w wielu ga\u0142\u0119ziach gospodarki. Dostarczamy przedsi\u0119biorcom produkty na bazie\u00a0<a href=\"https:\/\/cmc.aseem.pl\/?p=323\">soli sodowej karboksymetylocelulozy<\/a>\u00a0pod nazw\u0105 handlow\u0105:\u00a0\u201e<strong>POLLOCEL<\/strong><sup>\u00ae<\/sup>\u201d i \u201e<strong>POLOFIX<\/strong><sup>\u00ae<\/sup>\u201d.<\/p><h2>Innowacyjne produkty chemiczne dla przemys\u0142u<\/h2><p>Stosowane przez nas\u00a0<strong>innowacyjne produkty chemiczne dla przemys\u0142u<\/strong>\u00a0ciesz\u0105 si\u0119 uznaniem w wielu bran\u017cach. Wiod\u0105cym komponentem, wykorzystywanym do\u00a0<strong>produkcji spoiw, \u015brodk\u00f3w zag\u0119szczaj\u0105cych, wype\u0142niaczy i stabilizator\u00f3w substancji<\/strong>, jest s\u00f3l sodowa karboksymetylocelulozy. Nasze nowoczesne zaplecze technologiczne umo\u017cliwia nam nieprzerwan\u0105 produkcj\u0119 karboksymetylocelulozy CMC, z uwzgl\u0119dnieniem Pa\u0144stwa indywidualnych wymaga\u0144 w zakresie tworzonych receptur. Oferujemy Pa\u0144stwu bogat\u0105 gam\u0119\u00a0<a href=\"https:\/\/cmc.aseem.pl\/?p=314\">plastyfikator\u00f3w i superplastyfikator\u00f3w\u00a0<\/a>, kt\u00f3re przyczyniaj\u0105 si\u0119 do poprawy parametr\u00f3w fizycznych i mechanicznych beton\u00f3w, zapraw murarskich i tynkarskich.<\/p><p>Specjalizujemy si\u0119 r\u00f3wnie\u017c w produkcji\u00a0<a href=\"https:\/\/www.cmcsa.pl\/pluczki-wiertnicze\/\">p\u0142uczek wiertniczych<\/a>\u00a0dla przemys\u0142u wiertniczego, z zastosowaniem zr\u00f3\u017cnicowanych receptur chemicznych. Oferujemy Pa\u0144stwu bogaty asortyment p\u0142yn\u00f3w wiertniczych, optymalnie dostosowanych do konkretnych formacji geologicznych.<\/p><p>Poza produkcj\u0105 wyrob\u00f3w chemicznych, zapewniamy Pa\u0144stwu\u00a0<strong>profesjonalne doradztwo techniczne<\/strong>\u00a0na ka\u017cdym etapie wsp\u00f3\u0142pracy. W odpowiedzi na stale rosn\u0105ce potrzeby rynku, bezustannie poszerzamy nasz\u0105 ofert\u0119 o nowe produkty i technologie. Zapraszamy do wsp\u00f3\u0142pracy przy tworzeniu receptur produkt\u00f3w chemicznych, optymalnie dopasowanych do potrzeb Pa\u0144stwa bran\u017cy.<\/p>\t\t\t\t\t\t<\/div>\n\t\t\t\t<\/div>\n\t\t\t\t\t<\/div>\n\t\t\t\t<\/div>\n\t\t<div class=\"elementor-element elementor-element-52d2633 e-flex e-con-boxed e-con e-parent\" data-id=\"52d2633\" data-element_type=\"container\">\n\t\t\t\t\t<div class=\"e-con-inner\">\n\t\t\t\t\t<\/div>\n\t\t\t\t<\/div>\n\t\t\t\t<\/div>\n\t\t","protected":false},"excerpt":{"rendered":"<p>Nowe technologie Sprawdzone receptury Producent soli sodowej karboksymetylocelulozy CMC.S.A. to\u00a0producent soli sodowej karboksymetylocelulozy.\u00a0Zajmujemy si\u0119 produkcj\u0105 i wdra\u017caniem chemicznych wyrob\u00f3w specjalistycznych dla r\u00f3\u017cnych ga\u0142\u0119zi przemys\u0142u. W oparciu o wiedz\u0119 i do\u015bwiadczenie technolog\u00f3w, wsparte pr\u00f3bami laboratoryjnymi, tworzymy\u00a0wysokiej jako\u015bci mieszanki chemiczne, kt\u00f3rych stosowanie wspomaga rozw\u00f3j technologii w wielu ga\u0142\u0119ziach gospodarki. Dostarczamy przedsi\u0119biorcom produkty na bazie\u00a0soli sodowej karboksymetylocelulozy\u00a0pod nazw\u0105 [&hellip;]<\/p>\n","protected":false},"author":1,"featured_media":0,"parent":0,"menu_order":0,"comment_status":"closed","ping_status":"closed","template":"","meta":{"footnotes":""},"class_list":["post-17","page","type-page","status-publish","hentry"],"_links":{"self":[{"href":"https:\/\/cmc.aseem.pl\/index.php?rest_route=\/wp\/v2\/pages\/17","targetHints":{"allow":["GET"]}}],"collection":[{"href":"https:\/\/cmc.aseem.pl\/index.php?rest_route=\/wp\/v2\/pages"}],"about":[{"href":"https:\/\/cmc.aseem.pl\/index.php?rest_route=\/wp\/v2\/types\/page"}],"author":[{"embeddable":true,"href":"https:\/\/cmc.aseem.pl\/index.php?rest_route=\/wp\/v2\/users\/1"}],"replies":[{"embeddable":true,"href":"https:\/\/cmc.aseem.pl\/index.php?rest_route=%2Fwp%2Fv2%2Fcomments&post=17"}],"version-history":[{"count":16,"href":"https:\/\/cmc.aseem.pl\/index.php?rest_route=\/wp\/v2\/pages\/17\/revisions"}],"predecessor-version":[{"id":422,"href":"https:\/\/cmc.aseem.pl\/index.php?rest_route=\/wp\/v2\/pages\/17\/revisions\/422"}],"wp:attachment":[{"href":"https:\/\/cmc.aseem.pl\/index.php?rest_route=%2Fwp%2Fv2%2Fmedia&parent=17"}],"curies":[{"name":"wp","href":"https:\/\/api.w.org\/{rel}","templated":true}]}}